{"id":1176,"date":"2026-04-19T20:40:55","date_gmt":"2026-04-19T20:40:55","guid":{"rendered":"https:\/\/mediflow.ae\/south-america-medical-licensing\/"},"modified":"2026-04-19T20:40:55","modified_gmt":"2026-04-19T20:40:55","slug":"south-america-medical-licensing","status":"publish","type":"page","link":"https:\/\/mediflow.ae\/de\/south-america-medical-licensing\/","title":{"rendered":"Medizinische Zulassungen in den VAE f\u00fcr s\u00fcdamerikanische \u00c4rzte"},"content":{"rendered":"<div style=\"font-family:-apple-system,BlinkMacSystemFont,'Segoe UI',sans-serif;\">\n<section style=\"background:linear-gradient(135deg,#0f2027 0%,#203a43 50%,#2c5364 100%);padding:80px 24px;color:#fff;text-align:center;\">\n<div style=\"max-width:820px;margin:0 auto;\">\n<p style=\"color:#34d399;font-size:13px;font-weight:700;letter-spacing:2px;text-transform:uppercase;margin-bottom:16px;\">S\u00dcDAMERIKA &amp; LATEINAMERIKA<\/p>\n<h1 style=\"font-size:clamp(30px,5vw,52px);font-weight:900;margin-bottom:20px;line-height:1.15;\">UAE Medizinische Lizenzierung f\u00fcr<br>S\u00fcdamerikanische \u00c4rzte<\/h1>\n<p style=\"font-size:18px;color:#cbd5e0;max-width:660px;margin:0 auto 32px;line-height:1.7;\">Brasilien, Argentinien, Kolumbien, Chile, Mexiko, Peru, Venezuela, Ecuador, Uruguay und ganz Lateinamerika - MediFlow ist Ihr spezialisierter Partner f\u00fcr Lizenzierung, Vermittlung und Relocation in den VAE.<\/p>\n<div style=\"display:flex;flex-wrap:wrap;justify-content:center;gap:8px;margin-bottom:32px;\">\n<span style=\"background:rgba(255,255,255,0.12);border-radius:20px;padding:7px 18px;font-size:14px;\">\ud83c\udde7\ud83c\uddf7 Brasilien<\/span>\n<span style=\"background:rgba(255,255,255,0.12);border-radius:20px;padding:7px 18px;font-size:14px;\">\ud83c\udde6\ud83c\uddf7 Argentinien<\/span>\n<span style=\"background:rgba(255,255,255,0.12);border-radius:20px;padding:7px 18px;font-size:14px;\">\ud83c\udde8\ud83c\uddf4 Kolumbien<\/span>\n<span style=\"background:rgba(255,255,255,0.12);border-radius:20px;padding:7px 18px;font-size:14px;\">\ud83c\udde8\ud83c\uddf1 Chile<\/span>\n<span style=\"background:rgba(255,255,255,0.12);border-radius:20px;padding:7px 18px;font-size:14px;\">\ud83c\uddf2\ud83c\uddfd Mexiko<\/span>\n<span style=\"background:rgba(255,255,255,0.12);border-radius:20px;padding:7px 18px;font-size:14px;\">\ud83c\uddf5\ud83c\uddea Peru<\/span>\n<span style=\"background:rgba(255,255,255,0.12);border-radius:20px;padding:7px 18px;font-size:14px;\">\ud83c\uddfb\ud83c\uddea Venezuela<\/span>\n<span style=\"background:rgba(255,255,255,0.12);border-radius:20px;padding:7px 18px;font-size:14px;\">\ud83c\uddea\ud83c\udde8 Ecuador<\/span>\n<span style=\"background:rgba(255,255,255,0.12);border-radius:20px;padding:7px 18px;font-size:14px;\">\ud83c\uddfa\ud83c\uddfe Uruguay<\/span>\n<span style=\"background:rgba(255,255,255,0.12);border-radius:20px;padding:7px 18px;font-size:14px;\">\ud83c\uddf5\ud83c\uddfe Paraguay<\/span>\n<span style=\"background:rgba(255,255,255,0.12);border-radius:20px;padding:7px 18px;font-size:14px;\">\ud83c\udde7\ud83c\uddf4 Bolivien<\/span>\n<span style=\"background:rgba(255,255,255,0.12);border-radius:20px;padding:7px 18px;font-size:14px;\">\ud83c\udf0e Alle LATAM<\/span>\n<\/div>\n<a href=\"\/de\/apply\/\" style=\"background:#059669;color:#fff;padding:16px 36px;border-radius:10px;font-weight:800;font-size:16px;text-decoration:none;display:inline-block;\">Buchen Sie eine kostenlose Beratung \u2192<\/a>\n<\/div>\n<\/section>\n\n<section style=\"background:#fff;padding:70px 24px;\">\n<div style=\"max-width:1100px;margin:0 auto;\">\n<h2 style=\"font-size:clamp(24px,3.5vw,38px);font-weight:800;color:#05112a;text-align:center;margin-bottom:12px;\">Warum s\u00fcdamerikanische \u00c4rzte die VAE w\u00e4hlen<\/h2>\n<p style=\"color:#4a5568;font-size:16px;text-align:center;max-width:640px;margin:0 auto 48px;\">Die VAE bieten eines der wettbewerbsf\u00e4higsten \u00c4rztegeh\u00e4lter der Welt, steuerfreies Einkommen, eine moderne Krankenhausinfrastruktur und eine wachsende Nachfrage nach international ausgebildeten Fach\u00e4rzten.<\/p>\n<div style=\"display:grid;grid-template-columns:repeat(auto-fit,minmax(260px,1fr));gap:24px;\">\n<div style=\"background:#f8faff;border-radius:14px;padding:28px 24px;border:1.5px solid #e2eaf5;\"><div style=\"font-size:32px;margin-bottom:14px;\">\ud83d\udcb0<\/div><h3 style=\"font-size:17px;font-weight:700;color:#05112a;margin-bottom:8px;\">Steuerfreies Gehalt<\/h3><p style=\"color:#4a5568;font-size:15px;line-height:1.6;\">Fach\u00e4rzte in den VAE verdienen 35.000-70.000 AED\/Monat steuerfrei, wobei Wohngeld und j\u00e4hrliche Fl\u00fcge oft inbegriffen sind.<\/p><\/div>\n<div style=\"background:#f8faff;border-radius:14px;padding:28px 24px;border:1.5px solid #e2eaf5;\"><div style=\"font-size:32px;margin-bottom:14px;\">\ud83c\udfe5<\/div><h3 style=\"font-size:17px;font-weight:700;color:#05112a;margin-bottom:8px;\">Weltklasse-Krankenh\u00e4user<\/h3><p style=\"color:#4a5568;font-size:15px;line-height:1.6;\">Arbeiten Sie mit internationalen Teams in JCI-zertifizierten Krankenh\u00e4usern, die mit modernster Medizintechnik ausgestattet sind.<\/p><\/div>\n<div style=\"background:#f8faff;border-radius:14px;padding:28px 24px;border:1.5px solid #e2eaf5;\"><div style=\"font-size:32px;margin-bottom:14px;\">\ud83c\udf1f<\/div><h3 style=\"font-size:17px;font-weight:700;color:#05112a;margin-bottom:8px;\">Berufliches Wachstum<\/h3><p style=\"color:#4a5568;font-size:15px;line-height:1.6;\">Schnelle Aufstiegsm\u00f6glichkeiten, Zugang zu Weiterbildung und ein dynamischer Gesundheitssektor, der in allen sieben Emiraten expandiert.<\/p><\/div>\n<div style=\"background:#f8faff;border-radius:14px;padding:28px 24px;border:1.5px solid #e2eaf5;\"><div style=\"font-size:32px;margin-bottom:14px;\">\ud83d\udc68\u200d\ud83d\udc69\u200d\ud83d\udc67<\/div><h3 style=\"font-size:17px;font-weight:700;color:#05112a;margin-bottom:8px;\">Familienfreundlich<\/h3><p style=\"color:#4a5568;font-size:15px;line-height:1.6;\">Ein sicheres Umfeld, hervorragende internationale Schulen, eine lateinamerikanische Gemeinschaft und eine einladende multikulturelle Gesellschaft.<\/p><\/div>\n<\/div>\n<\/div>\n<\/section>\n\n<section style=\"background:linear-gradient(180deg,#f4f8ff 0%,#eef3fb 100%);padding:70px 24px;\">\n<div style=\"max-width:900px;margin:0 auto;\">\n<h2 style=\"font-size:clamp(24px,3.5vw,38px);font-weight:800;color:#05112a;text-align:center;margin-bottom:12px;\">Ihr Weg zur Lizenzierung in den VAE<\/h2>\n<p style=\"color:#4a5568;font-size:16px;text-align:center;margin-bottom:48px;\">F\u00fcr s\u00fcdamerikanische \u00c4rzte umfasst das Verfahren die \u00dcberpr\u00fcfung der Approbation, eine Pr\u00fcfung in englischer Sprache und die Beantragung der Zulassung. MediFlow verwaltet jeden Schritt.<\/p>\n<div style=\"display:flex;gap:20px;align-items:flex-start;margin-bottom:28px;\"><div style=\"min-width:44px;height:44px;background:linear-gradient(135deg,#0a66c2,#1e90ff);border-radius:50%;display:flex;align-items:center;justify-content:center;color:#fff;font-weight:800;font-size:18px;flex-shrink:0;\">1<\/div><div><h3 style=\"font-size:17px;font-weight:700;color:#05112a;margin-bottom:6px;\">Dokumentenvorbereitung &amp; Apostille<\/h3><p style=\"color:#4a5568;font-size:15px;line-height:1.6;\">Wir f\u00fchren Sie durch die genauen Dokumente, die Sie ben\u00f6tigen: medizinischer Abschluss, Zeugnisse, Good Standing Certificate, Praktikumsbescheinigung und Ausweisdokumente - alle mit Apostille oder Botschaftsbeglaubigung f\u00fcr die VAE.<\/p><\/div><\/div>\n<div style=\"display:flex;gap:20px;align-items:flex-start;margin-bottom:28px;\"><div style=\"min-width:44px;height:44px;background:linear-gradient(135deg,#0a66c2,#1e90ff);border-radius:50%;display:flex;align-items:center;justify-content:center;color:#fff;font-weight:800;font-size:18px;flex-shrink:0;\">2<\/div><div><h3 style=\"font-size:17px;font-weight:700;color:#05112a;margin-bottom:6px;\">DataFlow Prim\u00e4rquellenverifizierung<\/h3><p style=\"color:#4a5568;font-size:15px;line-height:1.6;\">Jede VAE-Lizenz erfordert eine DataFlow-Verifizierung Ihrer Zeugnisse. Wir \u00fcbermitteln und \u00fcberwachen Ihren DataFlow-Fall von Anfang bis Ende - in der Regel 4-8 Wochen.<\/p><\/div><\/div>\n<div style=\"display:flex;gap:20px;align-items:flex-start;margin-bottom:28px;\"><div style=\"min-width:44px;height:44px;background:linear-gradient(135deg,#0a66c2,#1e90ff);border-radius:50%;display:flex;align-items:center;justify-content:center;color:#fff;font-weight:800;font-size:18px;flex-shrink:0;\">3<\/div><div><h3 style=\"font-size:17px;font-weight:700;color:#05112a;margin-bottom:6px;\">Prometric Pr\u00fcfungsanmeldung<\/h3><p style=\"color:#4a5568;font-size:15px;line-height:1.6;\">Die meisten s\u00fcdamerikanischen \u00c4rzte m\u00fcssen eine Prometric-Pr\u00fcfung (MCQ-basiert) ablegen. Wir bieten Pr\u00fcfungsberatung, Ressourcen und Unterst\u00fctzung bei der Anmeldung.<\/p><\/div><\/div>\n<div style=\"display:flex;gap:20px;align-items:flex-start;margin-bottom:28px;\"><div style=\"min-width:44px;height:44px;background:linear-gradient(135deg,#0a66c2,#1e90ff);border-radius:50%;display:flex;align-items:center;justify-content:center;color:#fff;font-weight:800;font-size:18px;flex-shrink:0;\">4<\/div><div><h3 style=\"font-size:17px;font-weight:700;color:#05112a;margin-bottom:6px;\">Antrag der Beh\u00f6rde (DHA \/ DOH \/ MOHAP)<\/h3><p style=\"color:#4a5568;font-size:15px;line-height:1.6;\">Je nach Fachgebiet und Ziel-Emirat reichen wir Ihren vollst\u00e4ndigen Lizenzantrag bei der zust\u00e4ndigen Beh\u00f6rde ein und erledigen den gesamten Schriftverkehr.<\/p><\/div><\/div>\n<div style=\"display:flex;gap:20px;align-items:flex-start;margin-bottom:28px;\"><div style=\"min-width:44px;height:44px;background:linear-gradient(135deg,#0a66c2,#1e90ff);border-radius:50%;display:flex;align-items:center;justify-content:center;color:#fff;font-weight:800;font-size:18px;flex-shrink:0;\">5<\/div><div><h3 style=\"font-size:17px;font-weight:700;color:#05112a;margin-bottom:6px;\">Visum &amp; Umzug<\/h3><p style=\"color:#4a5568;font-size:15px;line-height:1.6;\">Sobald Ihre Lizenz genehmigt ist, koordinieren wir Ihr Arbeitsvisum, Ihre Emirates ID, Ihre Krankenversicherung und Ihre erste Niederlassung in den VAE.<\/p><\/div><\/div>\n<div style=\"display:flex;gap:20px;align-items:flex-start;margin-bottom:28px;\"><div style=\"min-width:44px;height:44px;background:linear-gradient(135deg,#0a66c2,#1e90ff);border-radius:50%;display:flex;align-items:center;justify-content:center;color:#fff;font-weight:800;font-size:18px;flex-shrink:0;\">6<\/div><div><h3 style=\"font-size:17px;font-weight:700;color:#05112a;margin-bottom:6px;\">Platzierung im Krankenhaus oder in der Klinik<\/h3><p style=\"color:#4a5568;font-size:15px;line-height:1.6;\">\u00dcber unser Krankenhausnetzwerk bringen wir Sie mit Stellenangeboten zusammen, die Ihrem Fachgebiet, Ihrer Erfahrung und Ihrem bevorzugten Standort entsprechen.<\/p><\/div><\/div>\n<\/div>\n<\/section>\n\n<section style=\"background:#05112a;padding:60px 24px;text-align:center;color:#fff;\">\n<div style=\"max-width:700px;margin:0 auto;\">\n<h2 style=\"font-size:clamp(24px,3.5vw,36px);font-weight:800;margin-bottom:16px;\">Sind Sie bereit, Ihre medizinische Karriere in den VAE aufzubauen?<\/h2>\n<p style=\"color:#94a3b8;font-size:17px;margin-bottom:32px;\">Buchen Sie ein kostenloses 30-min\u00fctiges Beratungsgespr\u00e4ch mit unserem Team. Wir sprechen Spanisch, Englisch, Arabisch und Deutsch.<\/p>\n<a href=\"\/de\/apply\/\" style=\"background:#059669;color:#fff;padding:16px 40px;border-radius:10px;font-weight:800;font-size:16px;text-decoration:none;display:inline-block;\">Kostenlose Beratung buchen \u2192<\/a>\n<\/div>\n<\/section>\n<\/div>","protected":false},"excerpt":{"rendered":"<p>SOUTH AMERICA &amp; LATAM UAE Medical Licensing forSouth American Physicians Brazil, Argentina, Colombia, Chile, Mexico, Peru, Venezuela, Ecuador, Uruguay and all of Latin America \u2014 MediFlow is your specialist partner for UAE licensing, placement and relocation. \ud83c\udde7\ud83c\uddf7 Brazil \ud83c\udde6\ud83c\uddf7 Argentina \ud83c\udde8\ud83c\uddf4 Colombia \ud83c\udde8\ud83c\uddf1 Chile \ud83c\uddf2\ud83c\uddfd Mexico \ud83c\uddf5\ud83c\uddea Peru \ud83c\uddfb\ud83c\uddea Venezuela \ud83c\uddea\ud83c\udde8 Ecuador \ud83c\uddfa\ud83c\uddfe Uruguay \ud83c\uddf5\ud83c\uddfe [&#8230;]\n","protected":false},"author":1,"featured_media":0,"parent":0,"menu_order":0,"comment_status":"closed","ping_status":"closed","template":"","meta":{"_acf_changed":false,"footnotes":""},"class_list":["post-1176","page","type-page","status-publish","hentry"],"acf":[],"jetpack_sharing_enabled":true,"_links":{"self":[{"href":"https:\/\/mediflow.ae\/de\/wp-json\/wp\/v2\/pages\/1176","targetHints":{"allow":["GET"]}}],"collection":[{"href":"https:\/\/mediflow.ae\/de\/wp-json\/wp\/v2\/pages"}],"about":[{"href":"https:\/\/mediflow.ae\/de\/wp-json\/wp\/v2\/types\/page"}],"author":[{"embeddable":true,"href":"https:\/\/mediflow.ae\/de\/wp-json\/wp\/v2\/users\/1"}],"replies":[{"embeddable":true,"href":"https:\/\/mediflow.ae\/de\/wp-json\/wp\/v2\/comments?post=1176"}],"version-history":[{"count":0,"href":"https:\/\/mediflow.ae\/de\/wp-json\/wp\/v2\/pages\/1176\/revisions"}],"wp:attachment":[{"href":"https:\/\/mediflow.ae\/de\/wp-json\/wp\/v2\/media?parent=1176"}],"curies":[{"name":"WP","href":"https:\/\/api.w.org\/{rel}","templated":true}]}}