{"id":488,"date":"2026-03-23T20:43:56","date_gmt":"2026-03-23T20:43:56","guid":{"rendered":"https:\/\/mediflow.ae\/?page_id=488"},"modified":"2026-04-06T10:19:40","modified_gmt":"2026-04-06T10:19:40","slug":"about","status":"publish","type":"page","link":"https:\/\/mediflow.ae\/de\/about\/","title":{"rendered":"\u00dcber"},"content":{"rendered":"<div style=\"background:linear-gradient(135deg,#1a3c6e 0%,#2d6aa0 100%);padding:65px 20px;text-align:center;color:white\">\n  <h1 style=\"color:white;font-size:2.2em;margin-bottom:12px;font-weight:700\">\u00dcber MediFlow<\/h1>\n  <p style=\"color:rgba(255,255,255,0.88);font-size:1.05em;max-width:650px;margin:0 auto\">Der zuverl\u00e4ssige Partner der VAE f\u00fcr medizinische Zulassungen, Stellenvermittlung und Relocation-Unterst\u00fctzung f\u00fcr Fachkr\u00e4fte im Gesundheitswesen.<\/p>\n<\/div>\n<div style=\"padding:55px 20px;max-width:1100px;margin:0 auto\">\n  <h2 style=\"color:#1a3c6e;margin-bottom:20px\">Wer wir sind<\/h2>\n  <p style=\"font-size:1.05em;line-height:1.8;color:#444\">MediFlow ist ein spezialisiertes Beratungsunternehmen f\u00fcr die Rekrutierung und Zulassung im Gesundheitswesen mit Sitz in Dubai, VAE. Wir schlie\u00dfen die L\u00fccke zwischen qualifizierten internationalen medizinischen Fachkr\u00e4ften und dem dynamischen Gesundheitssektor der VAE und k\u00fcmmern uns um alles, von der Beantragung von Lizenzen bis hin zur Vermittlung von Karrierechancen und Umz\u00fcgen.<\/p>\n  <p style=\"font-size:1.05em;line-height:1.8;color:#444;margin-top:15px\">MediFlow wurde von erfahrenen Verwaltungsangestellten und Personalvermittlern des Gesundheitswesens gegr\u00fcndet und verf\u00fcgt \u00fcber fundierte Kenntnisse der gesetzlichen Vorschriften in den VAE, darunter <a href=\"\/de\/lizenzierung\/dha-lizenzierung\/\">DHA<\/a>, <a href=\"\/de\/lizenzierung\/doh-licensing\/\">DOH<\/a>, DHCC und MOHAP Zulassungswege. Wir wissen, dass der Umzug und die Zulassung in einem neuen Land komplex sind, und wir sorgen daf\u00fcr, dass diese Reise nahtlos verl\u00e4uft.<\/p>\n  <div style=\"display:grid;grid-template-columns:repeat(auto-fit,minmax(230px,1fr));gap:22px;margin-top:40px\">\n    <div style=\"background:#f8fafc;border-radius:8px;padding:28px;border-left:4px solid #2d6aa0\"><h3 style=\"color:#1a3c6e;margin-bottom:8px\">\ud83c\udfaf Unser Auftrag<\/h3><p style=\"color:#555;margin:0;line-height:1.7\">Wir wollen Fachkr\u00e4ften des Gesundheitswesens die M\u00f6glichkeit geben, eine au\u00dfergew\u00f6hnliche Karriere in den VAE aufzubauen, indem wir ihnen die Komplexit\u00e4t der Zulassung und Vermittlung abnehmen.<\/p><\/div>\n    <div style=\"background:#f8fafc;border-radius:8px;padding:28px;border-left:4px solid #2d6aa0\"><h3 style=\"color:#1a3c6e;margin-bottom:8px\">\ud83d\udc41 Unsere Vision<\/h3><p style=\"color:#555;margin:0;line-height:1.7\">Wir wollen die f\u00fchrende Br\u00fccke f\u00fcr Talente im Gesundheitswesen zwischen der weltweiten medizinischen Gemeinschaft und dem erstklassigen Gesundheitssystem der VAE sein.<\/p><\/div>\n    <div style=\"background:#f8fafc;border-radius:8px;padding:28px;border-left:4px solid #2d6aa0\"><h3 style=\"color:#1a3c6e;margin-bottom:8px\">\ud83d\udca1 Unsere Werte<\/h3><p style=\"color:#555;margin:0;line-height:1.7\">Integrit\u00e4t, Transparenz und echtes Engagement f\u00fcr alle Angeh\u00f6rigen der Gesundheitsberufe, die wir betreuen.<\/p><\/div>\n  <\/div>\n<\/div>\n<div style=\"background:#f0f4f8;padding:55px 20px\">\n  <div style=\"max-width:1100px;margin:0 auto\">\n    <h2 style=\"color:#1a3c6e;text-align:center;margin-bottom:35px\">Warum MediFlow w\u00e4hlen?<\/h2>\n    <div style=\"display:grid;grid-template-columns:repeat(auto-fit,minmax(220px,1fr));gap:22px\">\n      <div style=\"text-align:center;padding:25px 15px\"><div style=\"font-size:2.5em;margin-bottom:10px\">\ud83c\udfe5<\/div><h4 style=\"color:#1a3c6e;margin-bottom:8px\">UAE-Lizenzierungsexperten<\/h4><p style=\"color:#555;font-size:0.95em;margin:0\">Fundierte Kenntnisse der Zulassungsanforderungen und -fristen von DHA, DOH, DHCC und MOHAP.<\/p><\/div>\n      <div style=\"text-align:center;padding:25px 15px\"><div style=\"font-size:2.5em;margin-bottom:10px\">\ud83e\udd1d<\/div><h4 style=\"color:#1a3c6e;margin-bottom:8px\">End-to-End-Unterst\u00fctzung<\/h4><p style=\"color:#555;font-size:0.95em;margin:0\">Von der Dokumentenpr\u00fcfung bis zur <a href=\"\/de\/arbeit\/\">Job<\/a> Vermittlung und Umzug - wir k\u00fcmmern uns um alles.<\/p><\/div>\n      <div style=\"text-align:center;padding:25px 15px\"><div style=\"font-size:2.5em;margin-bottom:10px\">\u26a1<\/div><h4 style=\"color:#1a3c6e;margin-bottom:8px\">Schnelle Verarbeitung<\/h4><p style=\"color:#555;font-size:0.95em;margin:0\">Wir wissen, wie man sich effizient durch das System bewegt, um Verz\u00f6gerungen zu minimieren.<\/p><\/div>\n      <div style=\"text-align:center;padding:25px 15px\"><div style=\"font-size:2.5em;margin-bottom:10px\">\ud83c\udf0d<\/div><h4 style=\"color:#1a3c6e;margin-bottom:8px\">Globales Netzwerk<\/h4><p style=\"color:#555;font-size:0.95em;margin:0\">Verbindungen zu den besten Krankenh\u00e4usern, Kliniken und Gesundheitsdienstleistern in den Vereinigten Arabischen Emiraten.<\/p><\/div>\n    <\/div>\n  <\/div>\n<\/div>\n<div style=\"background:#1a3c6e;padding:55px 20px;text-align:center;color:white\">\n  <h3 style=\"color:white;font-size:1.6em;margin-bottom:12px\">Sind Sie bereit, Ihre medizinische Karriere in den VAE zu beginnen?<\/h3>\n  <p style=\"color:rgba(255,255,255,0.85);margin-bottom:25px;max-width:500px;margin-left:auto;margin-right:auto\">Sprechen Sie noch heute mit unserem Team, um Ihre M\u00f6glichkeiten auszuloten.<\/p>\n  <a href=\"\/de\/kontakt\/\" style=\"display:inline-block;background:#9ed24a;color:white;padding:12px 30px;border-radius:4px;text-decoration:none;font-weight:700;margin:6px\">Unsere Dienstleistungen ansehen<\/a>\n  <a href=\"\/de\/arbeit\/\" style=\"display:inline-block;border:2px solid rgba(255,255,255,0.7);color:white;padding:12px 30px;border-radius:4px;text-decoration:none;font-weight:600;margin:6px\">Stellenangebote durchsuchen<\/a>\n<\/div>\n\n\n\n<div style=\"background:#EFF4FA;border-left:4px solid #1A3C6E;padding:24px 28px;margin:40px 0;border-radius:4px;font-family:Arial,sans-serif\">\n  <p style=\"margin:0 0 14px;font-size:14px;font-weight:700;color:#1A3C6E;text-transform:uppercase;letter-spacing:.6px\">\ud83d\udd17 Verwandte Anleitungen &amp; N\u00e4chste Schritte<\/p>\n  <div style=\"display:flex;flex-wrap:wrap;gap:10px\">\n    <a href=\"\/de\/dienstleistungen\/\" style=\"background:#1A3C6E;color:#fff;padding:9px 18px;border-radius:3px;text-decoration:none;font-size:13px;font-weight:600;white-space:nowrap\">Unsere Dienstleistungen<\/a>\n    <a href=\"\/de\/lizenzierung\/\" style=\"background:#1A3C6E;color:#fff;padding:9px 18px;border-radius:3px;text-decoration:none;font-size:13px;font-weight:600;white-space:nowrap\">Lizenzierungspfade<\/a>\n    <a href=\"\/de\/arbeit\/\" style=\"background:#1A3C6E;color:#fff;padding:9px 18px;border-radius:3px;text-decoration:none;font-size:13px;font-weight:600;white-space:nowrap\">Jobs in den VAE durchsuchen<\/a>\n    <a href=\"\/de\/kontakt\/\" style=\"background:#1A3C6E;color:#fff;padding:9px 18px;border-radius:3px;text-decoration:none;font-size:13px;font-weight:600;white-space:nowrap\">Sprechen Sie mit unserem Team<\/a>\n    <a href=\"\/de\/lizenzierung\/dha-lizenzierung\/\" style=\"background:#2D6AA0;color:#fff;padding:9px 18px;border-radius:3px;text-decoration:none;font-size:13px;font-weight:600;white-space:nowrap\">DHA-Lizenzierung<\/a>\n  <\/div>\n<\/div>\n\n\n\n\n<div class=\"mfr-page-enhanced\" style=\"background:#f0f5ff;border-bottom:2px solid #dce8f5;padding:12px 20px;\">\n  <div style=\"max-width:900px;margin:0 auto;display:flex;flex-wrap:wrap;justify-content:center;gap:0;align-items:center;\">\n    <div style=\"display:flex;align-items:center;gap:8px;padding:6px 18px;border-right:1px solid #c8d8ee;\">\n      <b style=\"font-size:1.3rem;color:#1a3c6e;\">250+<\/b>\n      <span style=\"font-size:.75rem;color:#4a6080;\">\u00c4rzte<br>lizenziert<\/span>\n    <\/div>\n    <div style=\"display:flex;align-items:center;gap:8px;padding:6px 18px;border-right:1px solid #c8d8ee;\">\n      <b style=\"font-size:1.3rem;color:#9ed24a;\">100%<\/b>\n      <span style=\"font-size:.75rem;color:#4a6080;\">Kostenlos<br>Service<\/span>\n    <\/div>\n    <div style=\"display:flex;align-items:center;gap:8px;padding:6px 18px;border-right:1px solid #c8d8ee;\">\n      <b style=\"font-size:1.3rem;color:#1a3c6e;\">24 Stunden<\/b>\n      <span style=\"font-size:.75rem;color:#4a6080;\">Antwort<br>Garantie<\/span>\n    <\/div>\n    <div style=\"display:flex;align-items:center;gap:8px;padding:6px 18px;\">\n      <b style=\"font-size:1.3rem;color:#9ed24a;\">\u2605 4,9<\/b>\n      <span style=\"font-size:.75rem;color:#4a6080;\">Doktor<br>Zufriedenheit<\/span>\n    <\/div>\n  <\/div>\n<\/div>\n\n\n<section style=\"background:linear-gradient(135deg,#0e1f3d 0%,#1a3c6e 100%);padding:60px 20px;margin-top:0;text-align:center;\">\n  <div style=\"max-width:700px;margin:0 auto;\">\n    <div style=\"display:inline-block;background:rgba(158,210,74,.15);color:#9ed24a;font-size:.78rem;font-weight:700;padding:6px 18px;border-radius:20px;border:1px solid rgba(158,210,74,.3);margin-bottom:20px;letter-spacing:.06em;\">KOSTENLOSE BERATUNG VERF\u00dcGBAR<\/div>\n    <h2 style=\"color:#fff;font-size:1.9rem;font-weight:800;margin:0 0 14px;line-height:1.2;\">Bereit f\u00fcr den Start Ihrer Reise<br>im Gesundheitswesen der VAE?<\/h2>\n    <p style=\"color:rgba(255,255,255,.75);font-size:1rem;margin:0 0 32px;line-height:1.6;\">Unser Spezialistenteam steht Ihnen ab sofort zur Verf\u00fcgung. Erhalten Sie Ihre kostenlose pers\u00f6nliche Beratung \u2013 keine Geb\u00fchren, keine Verpflichtungen, nur fachkundige Anleitung.<\/p>\n    <div style=\"display:flex;flex-wrap:wrap;justify-content:center;gap:14px;margin-bottom:24px;\">\n      <a href=\"\/de\/kontakt\/\" style=\"display:inline-block;background:linear-gradient(135deg,#9ed24a,#7ab832);color:#0e1f3d;padding:14px 32px;border-radius:50px;font-weight:800;font-size:1rem;text-decoration:none;box-shadow:0 4px 20px rgba(158,210,74,.3);\">\ud83d\udccb Kostenlose Bewerbung starten<\/a>\n      <a href=\"https:\/\/wa.me\/971502480606?text=Hi%20MediFlow%2C%20I%20visited%20your%20About%20MediFlow%20page%20and%20would%20like%20a%20free%20consultation.\" style=\"display:inline-block;background:#25D366;color:#fff;padding:14px 32px;border-radius:50px;font-weight:800;font-size:1rem;text-decoration:none;box-shadow:0 4px 20px rgba(37,211,102,.3);\" target=\"_blank\" rel=\"noopener\">\ud83d\udcac Chatten Sie auf WhatsApp<\/a>\n    <\/div>\n    <p style=\"color:rgba(255,255,255,.5);font-size:.78rem;margin:0;\">\u2705 Keine Geb\u00fchren \u00a0\u00a0 \u2705 Kein Papierkram-Stress \u00a0\u00a0 \u2705 Antwort innerhalb von 24 Stunden<\/p>\n  <\/div>\n<\/section>","protected":false},"excerpt":{"rendered":"<p>About MediFlow UAE&#8217;s trusted partner for medical licensing, career placement, and relocation support for healthcare professionals. Who We Are MediFlow is a specialist healthcare recruitment and licensing consultancy based in Dubai, UAE. We bridge the gap between qualified international medical professionals and the dynamic UAE healthcare sector \u2014 handling everything from licensing applications to career [&#8230;]\n","protected":false},"author":1,"featured_media":0,"parent":0,"menu_order":0,"comment_status":"closed","ping_status":"closed","template":"","meta":{"_acf_changed":false,"footnotes":""},"class_list":["post-488","page","type-page","status-publish","hentry"],"acf":[],"_hostinger_reach_plugin_has_subscription_block":false,"_hostinger_reach_plugin_is_elementor":false,"jetpack_sharing_enabled":true,"_links":{"self":[{"href":"https:\/\/mediflow.ae\/de\/wp-json\/wp\/v2\/pages\/488","targetHints":{"allow":["GET"]}}],"collection":[{"href":"https:\/\/mediflow.ae\/de\/wp-json\/wp\/v2\/pages"}],"about":[{"href":"https:\/\/mediflow.ae\/de\/wp-json\/wp\/v2\/types\/page"}],"author":[{"embeddable":true,"href":"https:\/\/mediflow.ae\/de\/wp-json\/wp\/v2\/users\/1"}],"replies":[{"embeddable":true,"href":"https:\/\/mediflow.ae\/de\/wp-json\/wp\/v2\/comments?post=488"}],"version-history":[{"count":11,"href":"https:\/\/mediflow.ae\/de\/wp-json\/wp\/v2\/pages\/488\/revisions"}],"predecessor-version":[{"id":1109,"href":"https:\/\/mediflow.ae\/de\/wp-json\/wp\/v2\/pages\/488\/revisions\/1109"}],"wp:attachment":[{"href":"https:\/\/mediflow.ae\/de\/wp-json\/wp\/v2\/media?parent=488"}],"curies":[{"name":"wp","href":"https:\/\/api.w.org\/{rel}","templated":true}]}}