{"id":474,"date":"2026-03-23T20:39:19","date_gmt":"2026-03-23T20:39:19","guid":{"rendered":"https:\/\/mediflow.ae\/?page_id=474"},"modified":"2026-04-24T16:58:45","modified_gmt":"2026-04-24T16:58:45","slug":"coaching-de-reubicacion","status":"publish","type":"page","link":"https:\/\/mediflow.ae\/es\/relocation-coaching\/","title":{"rendered":"Coaching para la reubicaci\u00f3n"},"content":{"rendered":"<div style=\"background:linear-gradient(135deg,#1a3c6e 0%,#2d6aa0 100%);padding:65px 20px;text-align:center;color:white\">\n<h1 style=\"color:white;font-size:2.2em;margin-bottom:12px;font-weight:700\">\u2708\ufe0f Coaching para la reubicaci\u00f3n<\/h1>\n<p style=\"color:rgba(255,255,255,0.88);font-size:1.05em;max-width:650px;margin:0 auto\">Orientaci\u00f3n pr\u00e1ctica y personalizada para que tu mudanza a los EAU sea fluida, informada y sin estr\u00e9s.<\/p>\n<\/div>\n<div style=\"padding:55px 20px;max-width:1100px;margin:0 auto\"><p style=\"font-size:1.05em;line-height:1.8;color:#444\">Reubicarse en los EAU implica mucho m\u00e1s que subirse a un avi\u00f3n. Desde la residencia <a href=\"\/es\/dataflow-psv-support\/\">visado<\/a>Desde la obtenci\u00f3n de visas y Emirates ID hasta la b\u00fasqueda de alojamiento, la apertura de una cuenta bancaria, la inscripci\u00f3n de ni\u00f1os en la escuela y la comprensi\u00f3n de la cultura local, la log\u00edstica puede ser abrumadora. El Coaching de Reubicaci\u00f3n de MediFlow cubre todo esto.<\/p><div style=\"display:grid;grid-template-columns:repeat(auto-fit,minmax(230px,1fr));gap:20px;margin-top:30px\"><div style=\"background:#f8fafc;border-radius:8px;padding:25px;border-left:4px solid #2d6aa0\"><h3 style=\"color:#1a3c6e;margin-bottom:8px;font-size:1em\">\ud83d\udcc4 Visa e Inmigraci\u00f3n<\/h3><p style=\"color:#555;margin:0;line-height:1.7;font-size:0.93em\">Gu\u00eda sobre visa de empleo, permiso de residencia, Emirates ID y registro de seguro m\u00e9dico.<\/p><\/div><div style=\"background:#f8fafc;border-radius:8px;padding:25px;border-left:4px solid #2d6aa0\"><h3 style=\"color:#1a3c6e;margin-bottom:8px;font-size:1em\">Alojamiento<\/h3><p style=\"color:#555;margin:0;line-height:1.7;font-size:0.93em\">Consejos sobre barrios, costos t\u00edpicos, c\u00f3mo encontrar vivienda y entender contratos de alquiler en los EAU.<\/p><\/div><div style=\"background:#f8fafc;border-radius:8px;padding:25px;border-left:4px solid #2d6aa0\"><h3 style=\"color:#1a3c6e;margin-bottom:8px;font-size:1em\">\ud83c\udfed Banca y Finanzas<\/h3><p style=\"color:#555;margin:0;line-height:1.7;font-size:0.93em\">C\u00f3mo abrir una cuenta bancaria en los EAU, entender su paquete salarial y gestionar sus finanzas como expatriado.<\/p><\/div><div style=\"background:#f8fafc;border-radius:8px;padding:25px;border-left:4px solid #2d6aa0\"><h3 style=\"color:#1a3c6e;margin-bottom:8px;font-size:1em\">Escolarizaci\u00f3n<\/h3><p style=\"color:#555;margin:0;line-height:1.7;font-size:0.93em\">Descripci\u00f3n general de las opciones educativas (privada, p\u00fablica, internacional) para familias que se mudan con ni\u00f1os.<\/p><\/div><div style=\"background:#f8fafc;border-radius:8px;padding:25px;border-left:4px solid #2d6aa0\"><h3 style=\"color:#1a3c6e;margin-bottom:8px;font-size:1em\">Orientaci\u00f3n Cultural<\/h3><p style=\"color:#555;margin:0;line-height:1.7;font-size:0.93em\">Gu\u00eda cultural pr\u00e1ctica para ayudarte a adaptarte a la vida y al trabajo en los EAU con confianza.<\/p><\/div><div style=\"background:#f8fafc;border-radius:8px;padding:25px;border-left:4px solid #2d6aa0\"><h3 style=\"color:#1a3c6e;margin-bottom:8px;font-size:1em\">\ud83d\ude98 Transporte y Log\u00edstica<\/h3><p style=\"color:#555;margin:0;line-height:1.7;font-size:0.93em\">De conducir <a href=\"\/es\/licenciamiento\/\">licencia<\/a> conversi\u00f3n para moverse \u2014 todo lo que necesitas saber para instalarte.<\/p><\/div><\/div><\/div>\n<div style=\"background:#1a3c6e;padding:50px 20px;text-align:center;color:white\">\n<h3 style=\"color:white;font-size:1.5em;margin-bottom:12px\">\u00bfListo para empezar?<\/h3>\n<p style=\"color:rgba(255,255,255,0.85);margin-bottom:22px;max-width:480px;margin-left:auto;margin-right:auto\">Hable hoy con un especialista de MediFlow.<\/p>\n<a href=\"\/es\/contact\/\" style=\"display:inline-block;background:#9ed24a;color:white;padding:12px 28px;border-radius:4px;text-decoration:none;font-weight:700;margin:6px\">Inicio de la planificaci\u00f3n de la reubicaci\u00f3n<\/a>\n<a href=\"\/es\/services\/\" style=\"display:inline-block;border:2px solid rgba(255,255,255,0.7);color:white;padding:12px 28px;border-radius:4px;text-decoration:none;font-weight:600;margin:6px\">Todos los Servicios<\/a>\n<\/div>\n\n\n<section id=\"mfr-mid-hero\" style=\"position:relative;overflow:hidden;min-height:520px;display:flex;align-items:center;\"><div style=\"position:absolute;inset:0;background:url('https:\/\/mediflow.ae\/wp-content\/uploads\/2026\/03\/malik-shibly-gm_Vztl7w84-unsplash-scaled.jpg') center center\/cover no-repeat;\"><\/div><div style=\"position:absolute;inset:0;background:linear-gradient(100deg,rgba(15,76,156,.92) 0%,rgba(15,76,156,.75) 45%,rgba(15,76,156,.20) 100%);\"><\/div><div style=\"position:relative;z-index:2;max-width:1200px;margin:0 auto;padding:80px 40px;width:100%;\"><div style=\"max-width:600px;\"><p style=\"display:inline-flex;align-items:center;gap:8px;background:rgba(158,210,74,.18);border:1px solid rgba(158,210,74,.4);color:#9ed24a;font-size:.78rem;font-weight:700;letter-spacing:.12em;text-transform:uppercase;padding:6px 14px;border-radius:20px;margin:0 0 20px;\"><span style=\"width:6px;height:6px;background:#9ed24a;border-radius:50%;display:inline-block;\"><\/span>Nuestros m\u00e9dicos asesores<\/p><h2 style=\"font-size:2.6rem;font-weight:900;color:#fff;line-height:1.15;margin:0 0 18px;\">Listo para desarrollar su carrera<br><span style=\"color:#9ed24a;\">en los EAU?<\/span><\/h2><p style=\"color:rgba(255,255,255,.88);font-size:1.05rem;line-height:1.72;margin:0 0 32px;\">Desde la verificaci\u00f3n de DataFlow hasta la aprobaci\u00f3n de su licencia, MediFlow se encarga de cada paso para que usted pueda centrarse en lo que importa: sus pacientes y su carrera profesional.<\/p><div style=\"display:flex;gap:14px;flex-wrap:wrap;\"><a href=\"\/es\/contact\/\" style=\"display:inline-block;background:#9ed24a;color:#0e1f3d;padding:15px 32px;border-radius:8px;font-weight:800;font-size:.98rem;text-decoration:none;box-shadow:0 4px 18px rgba(158,210,74,.35);\">Inicie su solicitud<\/a><a href=\"\/es\/licenciamiento\/\" style=\"display:inline-block;background:transparent;color:#fff;padding:15px 32px;border-radius:8px;font-weight:700;font-size:.98rem;text-decoration:none;border:2px solid rgba(255,255,255,.5);\">Ver opciones de licencia<\/a><\/div><\/div><\/div><\/section>\n\n\n\n\n<div style=\"background:#f0f4f8;border-left:4px solid #1A3C6E;border-radius:6px;padding:28px 32px;margin:40px 0;font-family:Arial,sans-serif;\">\n<p style=\"margin:0 0 16px;font-size:12px;font-weight:700;color:#1a3c6e;text-transform:uppercase;letter-spacing:1px;\">\u00f0\u009f\u0093\u008c Gu\u00edas Relacionadas y Pr\u00f3ximos Pasos<\/p>\n<div style=\"display:flex;flex-wrap:wrap;gap:10px;\"><a style=\"background:#1A3C6E;color:#fff;padding:10px 20px;border-radius:4px;text-decoration:none;font-size:13px;font-weight:600;white-space:nowrap;display:inline-block;\" href=\"https:\/\/mediflow.ae\/es\/licenciamiento-de-dha\/\">Licencia DHA<\/a><a style=\"background:#1A3C6E;color:#fff;padding:10px 20px;border-radius:4px;text-decoration:none;font-size:13px;font-weight:600;white-space:nowrap;display:inline-block;\" href=\"https:\/\/mediflow.ae\/es\/doh-licensing\/\">DOH Licenciamiento (Abu Dabi)<\/a><a style=\"background:#1A3C6E;color:#fff;padding:10px 20px;border-radius:4px;text-decoration:none;font-size:13px;font-weight:600;white-space:nowrap;display:inline-block;\" href=\"https:\/\/mediflow.ae\/es\/mohap-licensing\/\">Licencias MOHAP<\/a><a style=\"background:#1A3C6E;color:#fff;padding:10px 20px;border-radius:4px;text-decoration:none;font-size:13px;font-weight:600;white-space:nowrap;display:inline-block;\" href=\"https:\/\/mediflow.ae\/es\/uae-licensing-tiers\/\">Niveles de licencia<\/a><a style=\"background:#1A3C6E;color:#fff;padding:10px 20px;border-radius:4px;text-decoration:none;font-size:13px;font-weight:600;white-space:nowrap;display:inline-block;\" href=\"https:\/\/mediflow.ae\/es\/exam-preparation\/\">Preparaci\u00f3n para el examen<\/a><a style=\"background:#1A3C6E;color:#fff;padding:10px 20px;border-radius:4px;text-decoration:none;font-size:13px;font-weight:600;white-space:nowrap;display:inline-block;\" href=\"https:\/\/mediflow.ae\/es\/dataflow-psv-support\/\">DataFlow \/ PSV<\/a><a style=\"background:#1A3C6E;color:#fff;padding:10px 20px;border-radius:4px;text-decoration:none;font-size:13px;font-weight:600;white-space:nowrap;display:inline-block;\" href=\"https:\/\/mediflow.ae\/es\/jobs\/\">Buscar Empleo EAU<\/a><a style=\"background:#2e7d32;color:#fff;padding:10px 20px;border-radius:4px;text-decoration:none;font-size:13px;font-weight:600;white-space:nowrap;display:inline-block;\" href=\"https:\/\/mediflow.ae\/es\/contact\/\">Consulta gratuita<\/a><\/div>\n<\/div>\n\n\n\n\n<div class=\"mfr-page-enhanced\" style=\"background:#f0f5ff;border-bottom:2px solid #dce8f5;padding:12px 20px;\">\n  <div style=\"max-width:900px;margin:0 auto;display:flex;flex-wrap:wrap;justify-content:center;gap:0;align-items:center;\">\n    <div style=\"display:flex;align-items:center;gap:8px;padding:6px 18px;border-right:1px solid #c8d8ee;\">\n      <b style=\"font-size:1.3rem;color:#1a3c6e;\">250+<\/b>\n      <span style=\"font-size:.75rem;color:#4a6080;\">M\u00e9dicos<br>Con licencia<\/span>\n    <\/div>\n    <div style=\"display:flex;align-items:center;gap:8px;padding:6px 18px;border-right:1px solid #c8d8ee;\">\n      <b style=\"font-size:1.3rem;color:#9ed24a;\">100%<\/b>\n      <span style=\"font-size:.75rem;color:#4a6080;\">Gratis<br>Servicio<\/span>\n    <\/div>\n    <div style=\"display:flex;align-items:center;gap:8px;padding:6px 18px;border-right:1px solid #c8d8ee;\">\n      <b style=\"font-size:1.3rem;color:#1a3c6e;\">24h<\/b>\n      <span style=\"font-size:.75rem;color:#4a6080;\">Respuesta<br>Garant\u00eda<\/span>\n    <\/div>\n    <div style=\"display:flex;align-items:center;gap:8px;padding:6px 18px;\">\n      <b style=\"font-size:1.3rem;color:#9ed24a;\">\u2605 4.9<\/b>\n      <span style=\"font-size:.75rem;color:#4a6080;\">Doctor<br>Satisfacci\u00f3n<\/span>\n    <\/div>\n  <\/div>\n<\/div>\n\n\n<section style=\"background:linear-gradient(135deg,#0e1f3d 0%,#1a3c6e 100%);padding:60px 20px;margin-top:0;text-align:center;\">\n  <div style=\"max-width:700px;margin:0 auto;\">\n    <div style=\"display:inline-block;background:rgba(158,210,74,.15);color:#9ed24a;font-size:.78rem;font-weight:700;padding:6px 18px;border-radius:20px;border:1px solid rgba(158,210,74,.3);margin-bottom:20px;letter-spacing:.06em;\">CONSULTA GRATUITAS DISPONIBLES<\/div>\n    <h2 style=\"color:#fff;font-size:1.9rem;font-weight:800;margin:0 0 14px;line-height:1.2;\">Listo para comenzar tu viaje<br>en la atenci\u00f3n m\u00e9dica de los EAU?<\/h2>\n    <p style=\"color:rgba(255,255,255,.75);font-size:1rem;margin:0 0 32px;line-height:1.6;\">Nuestro equipo de especialistas est\u00e1 disponible ahora mismo. Obtenga su consulta personalizada gratuita: sin tarifas, sin obligaciones, solo orientaci\u00f3n experta.<\/p>\n    <div style=\"display:flex;flex-wrap:wrap;justify-content:center;gap:14px;margin-bottom:24px;\">\n      <a href=\"\/es\/contact\/\" style=\"display:inline-block;background:linear-gradient(135deg,#9ed24a,#7ab832);color:#0e1f3d;padding:14px 32px;border-radius:50px;font-weight:800;font-size:1rem;text-decoration:none;box-shadow:0 4px 20px rgba(158,210,74,.3);\">\ud83d\udccb Iniciar Solicitud Gratuita<\/a>\n      <a href=\"https:\/\/wa.me\/971502480606?text=Hi%20MediFlow%2C%20I%20visited%20your%20Relocation%20Coaching%20page%20and%20would%20like%20a%20free%20consultation.\" style=\"display:inline-block;background:#25D366;color:#fff;padding:14px 32px;border-radius:50px;font-weight:800;font-size:1rem;text-decoration:none;box-shadow:0 4px 20px rgba(37,211,102,.3);\" target=\"_blank\" rel=\"noopener\">\ud83d\udcac Chatear en WhatsApp<\/a>\n    <\/div>\n    <p style=\"color:rgba(255,255,255,.5);font-size:.78rem;margin:0;\">\u2705 Sin comisiones \u00a0\u00a0 \u2705 Sin estr\u00e9s de papeleo \u00a0\u00a0 \u2705 Respuesta en 24 horas<\/p>\n  <\/div>\n<\/section>","protected":false},"excerpt":{"rendered":"<p>&#9992;&#65039; Relocation Coaching Practical, personalized guidance to make your move to the UAE smooth, informed, and stress-free. Relocating to the UAE involves much more than getting on a plane. From residency visas and Emirates ID to finding accommodation, opening a bank account, enrolling children in school, and understanding local culture \u2014 the logistics can be [&#8230;]\n","protected":false},"author":1,"featured_media":0,"parent":0,"menu_order":0,"comment_status":"closed","ping_status":"closed","template":"","meta":{"_acf_changed":false,"footnotes":""},"class_list":["post-474","page","type-page","status-publish","hentry"],"acf":[],"_hostinger_reach_plugin_has_subscription_block":false,"_hostinger_reach_plugin_is_elementor":false,"jetpack_sharing_enabled":true,"_links":{"self":[{"href":"https:\/\/mediflow.ae\/es\/wp-json\/wp\/v2\/pages\/474","targetHints":{"allow":["GET"]}}],"collection":[{"href":"https:\/\/mediflow.ae\/es\/wp-json\/wp\/v2\/pages"}],"about":[{"href":"https:\/\/mediflow.ae\/es\/wp-json\/wp\/v2\/types\/page"}],"author":[{"embeddable":true,"href":"https:\/\/mediflow.ae\/es\/wp-json\/wp\/v2\/users\/1"}],"replies":[{"embeddable":true,"href":"https:\/\/mediflow.ae\/es\/wp-json\/wp\/v2\/comments?post=474"}],"version-history":[{"count":14,"href":"https:\/\/mediflow.ae\/es\/wp-json\/wp\/v2\/pages\/474\/revisions"}],"predecessor-version":[{"id":1158,"href":"https:\/\/mediflow.ae\/es\/wp-json\/wp\/v2\/pages\/474\/revisions\/1158"}],"wp:attachment":[{"href":"https:\/\/mediflow.ae\/es\/wp-json\/wp\/v2\/media?parent=474"}],"curies":[{"name":"wp","href":"https:\/\/api.w.org\/{rel}","templated":true}]}}