{"id":92,"date":"2013-08-11T19:17:44","date_gmt":"2013-08-11T19:17:44","guid":{"rendered":"http:\/\/localhost:8888\/test\/?page_id=530"},"modified":"2026-04-03T14:18:20","modified_gmt":"2026-04-03T14:18:20","slug":"blog","status":"publish","type":"page","link":"https:\/\/mediflow.ae\/fr\/blog\/","title":{"rendered":"Blog"},"content":{"rendered":"\n\n  \n    <div class=\"row large-columns-3 medium-columns-1 small-columns-1\" >\n  <div class=\"col post-item\" >\n\t\t\t<div class=\"col-inner\">\n\t\t\t\t<div class=\"box box-normal box-text-bottom box-blog-post has-hover\">\n            \t\t\t\t\t<div class=\"box-image\" >\n  \t\t\t\t\t\t<div class=\"image-cover\" style=\"padding-top:56.25%;\">\n\t\t\t\t\t\t\t<a href=\"https:\/\/mediflow.ae\/fr\/why-european-doctors-are-redefining-their-careers-in-dubai\/\" class=\"plain\" aria-label=\"Why European Doctors are Redefining Their Careers in Dubai\">\n\t\t\t\t\t\t\t\t<img loading=\"lazy\" decoding=\"async\" width=\"533\" height=\"400\" src=\"https:\/\/mediflow.ae\/wp-content\/uploads\/2026\/04\/image-5-533x400.png\" class=\"attachment-medium size-medium wp-post-image\" alt=\"\" srcset=\"https:\/\/mediflow.ae\/wp-content\/uploads\/2026\/04\/image-5-533x400.png 533w, https:\/\/mediflow.ae\/wp-content\/uploads\/2026\/04\/image-5-768x576.png 768w, https:\/\/mediflow.ae\/wp-content\/uploads\/2026\/04\/image-5-16x12.png 16w, https:\/\/mediflow.ae\/wp-content\/uploads\/2026\/04\/image-5-600x450.png 600w, https:\/\/mediflow.ae\/wp-content\/uploads\/2026\/04\/image-5.png 1024w\" sizes=\"auto, (max-width: 533px) 100vw, 533px\" data-wp-pid=\"1005\" \/>\t\t\t\t\t\t\t<\/a>\n  \t\t\t\t\t\t\t  \t\t\t\t\t\t\t  \t\t\t\t\t\t<\/div>\n  \t\t\t\t\t\t  \t\t\t\t\t<\/div>\n          \t\t\t\t\t<div class=\"box-text text-center\" >\n\t\t\t\t\t<div class=\"box-text-inner blog-post-inner\">\n\n\t\t\t\t\t\n\t\t\t\t\t\t\t\t\t\t<h5 class=\"post-title is-large \">\n\t\t\t\t\t\t<a href=\"https:\/\/mediflow.ae\/fr\/why-european-doctors-are-redefining-their-careers-in-dubai\/\" class=\"plain\">Why European Doctors are Redefining Their Careers in Dubai<\/a>\n\t\t\t\t\t<\/h5>\n\t\t\t\t\t\t\t\t\t\t<div class=\"is-divider\"><\/div>\n\t\t\t\t\t\t\t\t\t\t<p class=\"from_the_blog_excerpt \">\n\t\t\t\t\t\tFor many European physicians, the decision to relocate to Dubai is often sparked by a [...]\t\t\t\t\t<\/p>\n\t\t\t\t\t                    \n\t\t\t\t\t\n\t\t\t\t\t\n\t\t\t\t\t<\/div>\n\t\t\t\t\t<\/div>\n\t\t\t\t\t\t\t\t\t\t\t\t\t\t\t\t<div class=\"badge absolute top post-date badge-outline\">\n\t\t\t\t\t\t\t<div class=\"badge-inner\">\n\t\t\t\t\t\t\t\t<span class=\"post-date-day\">05<\/span><br>\n\t\t\t\t\t\t\t\t<span class=\"post-date-month is-xsmall\">Avr<\/span>\n\t\t\t\t\t\t\t<\/div>\n\t\t\t\t\t\t<\/div>\n\t\t\t\t\t\t\t\t\t<\/div>\n\t\t\t<\/div>\n\t\t<\/div><div class=\"col post-item\" >\n\t\t\t<div class=\"col-inner\">\n\t\t\t\t<div class=\"box box-normal box-text-bottom box-blog-post has-hover\">\n            \t\t\t\t\t<div class=\"box-image\" >\n  \t\t\t\t\t\t<div class=\"image-cover\" style=\"padding-top:56.25%;\">\n\t\t\t\t\t\t\t<a href=\"https:\/\/mediflow.ae\/fr\/navigating-a-single-income-healthcare-relocation-to-dubai\/\" class=\"plain\" aria-label=\"Navigating a Single-Income Healthcare Relocation to Dubai\">\n\t\t\t\t\t\t\t\t<img loading=\"lazy\" decoding=\"async\" width=\"533\" height=\"400\" src=\"https:\/\/mediflow.ae\/wp-content\/uploads\/2026\/04\/image-2-533x400.png\" class=\"attachment-medium size-medium wp-post-image\" alt=\"\" srcset=\"https:\/\/mediflow.ae\/wp-content\/uploads\/2026\/04\/image-2-533x400.png 533w, https:\/\/mediflow.ae\/wp-content\/uploads\/2026\/04\/image-2-768x576.png 768w, https:\/\/mediflow.ae\/wp-content\/uploads\/2026\/04\/image-2-16x12.png 16w, https:\/\/mediflow.ae\/wp-content\/uploads\/2026\/04\/image-2-600x450.png 600w, https:\/\/mediflow.ae\/wp-content\/uploads\/2026\/04\/image-2.png 1024w\" sizes=\"auto, (max-width: 533px) 100vw, 533px\" data-wp-pid=\"891\" \/>\t\t\t\t\t\t\t<\/a>\n  \t\t\t\t\t\t\t  \t\t\t\t\t\t\t  \t\t\t\t\t\t<\/div>\n  \t\t\t\t\t\t  \t\t\t\t\t<\/div>\n          \t\t\t\t\t<div class=\"box-text text-center\" >\n\t\t\t\t\t<div class=\"box-text-inner blog-post-inner\">\n\n\t\t\t\t\t\n\t\t\t\t\t\t\t\t\t\t<h5 class=\"post-title is-large \">\n\t\t\t\t\t\t<a href=\"https:\/\/mediflow.ae\/fr\/navigating-a-single-income-healthcare-relocation-to-dubai\/\" class=\"plain\">Navigating a Single-Income Healthcare Relocation to Dubai<\/a>\n\t\t\t\t\t<\/h5>\n\t\t\t\t\t\t\t\t\t\t<div class=\"is-divider\"><\/div>\n\t\t\t\t\t\t\t\t\t\t<p class=\"from_the_blog_excerpt \">\n\t\t\t\t\t\tRelocating to the United Arab Emirates is a significant life decision, particularly for healthcare professionals [...]\t\t\t\t\t<\/p>\n\t\t\t\t\t                    \n\t\t\t\t\t\n\t\t\t\t\t\n\t\t\t\t\t<\/div>\n\t\t\t\t\t<\/div>\n\t\t\t\t\t\t\t\t\t\t\t\t\t\t\t\t<div class=\"badge absolute top post-date badge-outline\">\n\t\t\t\t\t\t\t<div class=\"badge-inner\">\n\t\t\t\t\t\t\t\t<span class=\"post-date-day\">04<\/span><br>\n\t\t\t\t\t\t\t\t<span class=\"post-date-month is-xsmall\">Avr<\/span>\n\t\t\t\t\t\t\t<\/div>\n\t\t\t\t\t\t<\/div>\n\t\t\t\t\t\t\t\t\t<\/div>\n\t\t\t<\/div>\n\t\t<\/div><div class=\"col post-item\" >\n\t\t\t<div class=\"col-inner\">\n\t\t\t\t<div class=\"box box-normal box-text-bottom box-blog-post has-hover\">\n            \t\t\t\t\t<div class=\"box-image\" >\n  \t\t\t\t\t\t<div class=\"image-cover\" style=\"padding-top:56.25%;\">\n\t\t\t\t\t\t\t<a href=\"https:\/\/mediflow.ae\/fr\/the-ultimate-guide-to-weekends-for-expat-doctors-in-dubai-2026-elevating-your-physician-lifestyle\/\" class=\"plain\" aria-label=\"The Ultimate Guide to Weekends for Expat Doctors in Dubai 2026 &#8211; Elevating Your Physician Lifestyle\">\n\t\t\t\t\t\t\t\t<img loading=\"lazy\" decoding=\"async\" width=\"533\" height=\"400\" src=\"https:\/\/mediflow.ae\/wp-content\/uploads\/2026\/04\/image-533x400.png\" class=\"attachment-medium size-medium wp-post-image\" alt=\"\" srcset=\"https:\/\/mediflow.ae\/wp-content\/uploads\/2026\/04\/image-533x400.png 533w, https:\/\/mediflow.ae\/wp-content\/uploads\/2026\/04\/image-768x576.png 768w, https:\/\/mediflow.ae\/wp-content\/uploads\/2026\/04\/image-16x12.png 16w, https:\/\/mediflow.ae\/wp-content\/uploads\/2026\/04\/image-600x450.png 600w, https:\/\/mediflow.ae\/wp-content\/uploads\/2026\/04\/image.png 1024w\" sizes=\"auto, (max-width: 533px) 100vw, 533px\" data-wp-pid=\"886\" \/>\t\t\t\t\t\t\t<\/a>\n  \t\t\t\t\t\t\t  \t\t\t\t\t\t\t  \t\t\t\t\t\t<\/div>\n  \t\t\t\t\t\t  \t\t\t\t\t<\/div>\n          \t\t\t\t\t<div class=\"box-text text-center\" >\n\t\t\t\t\t<div class=\"box-text-inner blog-post-inner\">\n\n\t\t\t\t\t\n\t\t\t\t\t\t\t\t\t\t<h5 class=\"post-title is-large \">\n\t\t\t\t\t\t<a href=\"https:\/\/mediflow.ae\/fr\/the-ultimate-guide-to-weekends-for-expat-doctors-in-dubai-2026-elevating-your-physician-lifestyle\/\" class=\"plain\">The Ultimate Guide to Weekends for Expat Doctors in Dubai 2026 &#8211; Elevating Your Physician Lifestyle<\/a>\n\t\t\t\t\t<\/h5>\n\t\t\t\t\t\t\t\t\t\t<div class=\"is-divider\"><\/div>\n\t\t\t\t\t\t\t\t\t\t<p class=\"from_the_blog_excerpt \">\n\t\t\t\t\t\tIntroduction: Dubai \u2013 A Sanctuary for the Ambitious Physician Relocating to Dubai as a healthcare [...]\t\t\t\t\t<\/p>\n\t\t\t\t\t                    \n\t\t\t\t\t\n\t\t\t\t\t\n\t\t\t\t\t<\/div>\n\t\t\t\t\t<\/div>\n\t\t\t\t\t\t\t\t\t\t\t\t\t\t\t\t<div class=\"badge absolute top post-date badge-outline\">\n\t\t\t\t\t\t\t<div class=\"badge-inner\">\n\t\t\t\t\t\t\t\t<span class=\"post-date-day\">04<\/span><br>\n\t\t\t\t\t\t\t\t<span class=\"post-date-month is-xsmall\">Avr<\/span>\n\t\t\t\t\t\t\t<\/div>\n\t\t\t\t\t\t<\/div>\n\t\t\t\t\t\t\t\t\t<\/div>\n\t\t\t<\/div>\n\t\t<\/div><div class=\"col post-item\" >\n\t\t\t<div class=\"col-inner\">\n\t\t\t\t<div class=\"box box-normal box-text-bottom box-blog-post has-hover\">\n            \t\t\t\t\t<div class=\"box-image\" >\n  \t\t\t\t\t\t<div class=\"image-cover\" style=\"padding-top:56.25%;\">\n\t\t\t\t\t\t\t<a href=\"https:\/\/mediflow.ae\/fr\/medico-no-brasil-em-2026-por-que-dubai-e-o-seu-proximo-passo-guia-mediflow\/\" class=\"plain\" aria-label=\"M\u00e9dico no Brasil em 2026? Por que Dubai \u00e9 o seu pr\u00f3ximo passo (Guia Mediflow)\">\n\t\t\t\t\t\t\t\t<img loading=\"lazy\" decoding=\"async\" width=\"600\" height=\"400\" src=\"https:\/\/mediflow.ae\/wp-content\/uploads\/2026\/04\/Zwei-Welten-zwei-Lebenswege-600x400.png\" class=\"attachment-medium size-medium wp-post-image\" alt=\"\" srcset=\"https:\/\/mediflow.ae\/wp-content\/uploads\/2026\/04\/Zwei-Welten-zwei-Lebenswege-600x400.png 600w, https:\/\/mediflow.ae\/wp-content\/uploads\/2026\/04\/Zwei-Welten-zwei-Lebenswege-1200x800.png 1200w, https:\/\/mediflow.ae\/wp-content\/uploads\/2026\/04\/Zwei-Welten-zwei-Lebenswege-768x512.png 768w, https:\/\/mediflow.ae\/wp-content\/uploads\/2026\/04\/Zwei-Welten-zwei-Lebenswege-18x12.png 18w, https:\/\/mediflow.ae\/wp-content\/uploads\/2026\/04\/Zwei-Welten-zwei-Lebenswege.png 1536w\" sizes=\"auto, (max-width: 600px) 100vw, 600px\" data-wp-pid=\"880\" \/>\t\t\t\t\t\t\t<\/a>\n  \t\t\t\t\t\t\t  \t\t\t\t\t\t\t  \t\t\t\t\t\t<\/div>\n  \t\t\t\t\t\t  \t\t\t\t\t<\/div>\n          \t\t\t\t\t<div class=\"box-text text-center\" >\n\t\t\t\t\t<div class=\"box-text-inner blog-post-inner\">\n\n\t\t\t\t\t\n\t\t\t\t\t\t\t\t\t\t<h5 class=\"post-title is-large \">\n\t\t\t\t\t\t<a href=\"https:\/\/mediflow.ae\/fr\/medico-no-brasil-em-2026-por-que-dubai-e-o-seu-proximo-passo-guia-mediflow\/\" class=\"plain\">M\u00e9dico no Brasil em 2026? Por que Dubai \u00e9 o seu pr\u00f3ximo passo (Guia Mediflow)<\/a>\n\t\t\t\t\t<\/h5>\n\t\t\t\t\t\t\t\t\t\t<div class=\"is-divider\"><\/div>\n\t\t\t\t\t\t\t\t\t\t<p class=\"from_the_blog_excerpt \">\n\t\t\t\t\t\tNo ano de 2026, o cen\u00e1rio da medicina no Brasil enfrenta desafios estruturais profundos. Enquanto [...]\t\t\t\t\t<\/p>\n\t\t\t\t\t                    \n\t\t\t\t\t\n\t\t\t\t\t\n\t\t\t\t\t<\/div>\n\t\t\t\t\t<\/div>\n\t\t\t\t\t\t\t\t\t\t\t\t\t\t\t\t<div class=\"badge absolute top post-date badge-outline\">\n\t\t\t\t\t\t\t<div class=\"badge-inner\">\n\t\t\t\t\t\t\t\t<span class=\"post-date-day\">04<\/span><br>\n\t\t\t\t\t\t\t\t<span class=\"post-date-month is-xsmall\">Avr<\/span>\n\t\t\t\t\t\t\t<\/div>\n\t\t\t\t\t\t<\/div>\n\t\t\t\t\t\t\t\t\t<\/div>\n\t\t\t<\/div>\n\t\t<\/div><div class=\"col post-item\" >\n\t\t\t<div class=\"col-inner\">\n\t\t\t\t<div class=\"box box-normal box-text-bottom box-blog-post has-hover\">\n            \t\t\t\t\t<div class=\"box-image\" >\n  \t\t\t\t\t\t<div class=\"image-cover\" style=\"padding-top:56.25%;\">\n\t\t\t\t\t\t\t<a href=\"https:\/\/mediflow.ae\/fr\/medico-in-italia-nel-2026-perche-dubai-e-la-tua-migliore-opzione-guia-mediflow\/\" class=\"plain\" aria-label=\"Medico in Italia nel 2026? Perch\u00e9 Dubai \u00e8 la tua migliore opzione (Gu\u00eda Mediflow)\">\n\t\t\t\t\t\t\t\t<img loading=\"lazy\" decoding=\"async\" width=\"600\" height=\"400\" src=\"https:\/\/mediflow.ae\/wp-content\/uploads\/2026\/04\/Zwei-Welten-ein-Mann-600x400.png\" class=\"attachment-medium size-medium wp-post-image\" alt=\"\" srcset=\"https:\/\/mediflow.ae\/wp-content\/uploads\/2026\/04\/Zwei-Welten-ein-Mann-600x400.png 600w, https:\/\/mediflow.ae\/wp-content\/uploads\/2026\/04\/Zwei-Welten-ein-Mann-1200x800.png 1200w, https:\/\/mediflow.ae\/wp-content\/uploads\/2026\/04\/Zwei-Welten-ein-Mann-768x512.png 768w, https:\/\/mediflow.ae\/wp-content\/uploads\/2026\/04\/Zwei-Welten-ein-Mann-18x12.png 18w, https:\/\/mediflow.ae\/wp-content\/uploads\/2026\/04\/Zwei-Welten-ein-Mann.png 1536w\" sizes=\"auto, (max-width: 600px) 100vw, 600px\" data-wp-pid=\"875\" \/>\t\t\t\t\t\t\t<\/a>\n  \t\t\t\t\t\t\t  \t\t\t\t\t\t\t  \t\t\t\t\t\t<\/div>\n  \t\t\t\t\t\t  \t\t\t\t\t<\/div>\n          \t\t\t\t\t<div class=\"box-text text-center\" >\n\t\t\t\t\t<div class=\"box-text-inner blog-post-inner\">\n\n\t\t\t\t\t\n\t\t\t\t\t\t\t\t\t\t<h5 class=\"post-title is-large \">\n\t\t\t\t\t\t<a href=\"https:\/\/mediflow.ae\/fr\/medico-in-italia-nel-2026-perche-dubai-e-la-tua-migliore-opzione-guia-mediflow\/\" class=\"plain\">Medico in Italia nel 2026? Perch\u00e9 Dubai \u00e8 la tua migliore opzione (Gu\u00eda Mediflow)<\/a>\n\t\t\t\t\t<\/h5>\n\t\t\t\t\t\t\t\t\t\t<div class=\"is-divider\"><\/div>\n\t\t\t\t\t\t\t\t\t\t<p class=\"from_the_blog_excerpt \">\n\t\t\t\t\t\tNel 2026, la situazione dei medici in Italia, in particolare all&#8217;interno del Servizio Sanitario Nazionale [...]\t\t\t\t\t<\/p>\n\t\t\t\t\t                    \n\t\t\t\t\t\n\t\t\t\t\t\n\t\t\t\t\t<\/div>\n\t\t\t\t\t<\/div>\n\t\t\t\t\t\t\t\t\t\t\t\t\t\t\t\t<div class=\"badge absolute top post-date badge-outline\">\n\t\t\t\t\t\t\t<div class=\"badge-inner\">\n\t\t\t\t\t\t\t\t<span class=\"post-date-day\">03<\/span><br>\n\t\t\t\t\t\t\t\t<span class=\"post-date-month is-xsmall\">Avr<\/span>\n\t\t\t\t\t\t\t<\/div>\n\t\t\t\t\t\t<\/div>\n\t\t\t\t\t\t\t\t\t<\/div>\n\t\t\t<\/div>\n\t\t<\/div><div class=\"col post-item\" >\n\t\t\t<div class=\"col-inner\">\n\t\t\t\t<div class=\"box box-normal box-text-bottom box-blog-post has-hover\">\n            \t\t\t\t\t<div class=\"box-image\" >\n  \t\t\t\t\t\t<div class=\"image-cover\" style=\"padding-top:56.25%;\">\n\t\t\t\t\t\t\t<a href=\"https:\/\/mediflow.ae\/fr\/medico-en-espana-en-2026-por-que-dubai-es-tu-mejor-opcion-guia-mediflow\/\" class=\"plain\" aria-label=\"\u00bfM\u00e9dico en Espa\u00f1a en 2026? Por qu\u00e9 Dubai es tu mejor opci\u00f3n (Gu\u00eda Mediflow)\">\n\t\t\t\t\t\t\t\t<img loading=\"lazy\" decoding=\"async\" width=\"600\" height=\"400\" src=\"https:\/\/mediflow.ae\/wp-content\/uploads\/2026\/04\/Vom-Krankenhausflur-zum-Wolkenkratzer-600x400.png\" class=\"attachment-medium size-medium wp-post-image\" alt=\"\" srcset=\"https:\/\/mediflow.ae\/wp-content\/uploads\/2026\/04\/Vom-Krankenhausflur-zum-Wolkenkratzer-600x400.png 600w, https:\/\/mediflow.ae\/wp-content\/uploads\/2026\/04\/Vom-Krankenhausflur-zum-Wolkenkratzer-1200x800.png 1200w, https:\/\/mediflow.ae\/wp-content\/uploads\/2026\/04\/Vom-Krankenhausflur-zum-Wolkenkratzer-768x512.png 768w, https:\/\/mediflow.ae\/wp-content\/uploads\/2026\/04\/Vom-Krankenhausflur-zum-Wolkenkratzer-18x12.png 18w, https:\/\/mediflow.ae\/wp-content\/uploads\/2026\/04\/Vom-Krankenhausflur-zum-Wolkenkratzer.png 1536w\" sizes=\"auto, (max-width: 600px) 100vw, 600px\" data-wp-pid=\"872\" \/>\t\t\t\t\t\t\t<\/a>\n  \t\t\t\t\t\t\t  \t\t\t\t\t\t\t  \t\t\t\t\t\t<\/div>\n  \t\t\t\t\t\t  \t\t\t\t\t<\/div>\n          \t\t\t\t\t<div class=\"box-text text-center\" >\n\t\t\t\t\t<div class=\"box-text-inner blog-post-inner\">\n\n\t\t\t\t\t\n\t\t\t\t\t\t\t\t\t\t<h5 class=\"post-title is-large \">\n\t\t\t\t\t\t<a href=\"https:\/\/mediflow.ae\/fr\/medico-en-espana-en-2026-por-que-dubai-es-tu-mejor-opcion-guia-mediflow\/\" class=\"plain\">\u00bfM\u00e9dico en Espa\u00f1a en 2026? Por qu\u00e9 Dubai es tu mejor opci\u00f3n (Gu\u00eda Mediflow)<\/a>\n\t\t\t\t\t<\/h5>\n\t\t\t\t\t\t\t\t\t\t<div class=\"is-divider\"><\/div>\n\t\t\t\t\t\t\t\t\t\t<p class=\"from_the_blog_excerpt \">\n\t\t\t\t\t\tEn el a\u00f1o 2026, la situaci\u00f3n para los m\u00e9dicos en Espa\u00f1a, especialmente dentro del Sistema [...]\t\t\t\t\t<\/p>\n\t\t\t\t\t                    \n\t\t\t\t\t\n\t\t\t\t\t\n\t\t\t\t\t<\/div>\n\t\t\t\t\t<\/div>\n\t\t\t\t\t\t\t\t\t\t\t\t\t\t\t\t<div class=\"badge absolute top post-date badge-outline\">\n\t\t\t\t\t\t\t<div class=\"badge-inner\">\n\t\t\t\t\t\t\t\t<span class=\"post-date-day\">03<\/span><br>\n\t\t\t\t\t\t\t\t<span class=\"post-date-month is-xsmall\">Avr<\/span>\n\t\t\t\t\t\t\t<\/div>\n\t\t\t\t\t\t<\/div>\n\t\t\t\t\t\t\t\t\t<\/div>\n\t\t\t<\/div>\n\t\t<\/div><div class=\"col post-item\" >\n\t\t\t<div class=\"col-inner\">\n\t\t\t\t<div class=\"box box-normal box-text-bottom box-blog-post has-hover\">\n            \t\t\t\t\t<div class=\"box-image\" >\n  \t\t\t\t\t\t<div class=\"image-cover\" style=\"padding-top:56.25%;\">\n\t\t\t\t\t\t\t<a href=\"https:\/\/mediflow.ae\/fr\/als-arzt-in-dubai-arbeiten-2026-der-ultimative-guide-von-mediflow\/\" class=\"plain\" aria-label=\"Als Arzt in Dubai arbeiten 2026: Der ultimative Guide von Mediflow\">\n\t\t\t\t\t\t\t\t<img loading=\"lazy\" decoding=\"async\" width=\"600\" height=\"400\" src=\"https:\/\/mediflow.ae\/wp-content\/uploads\/2026\/04\/ChatGPT-Image-1.-Aug.-2025-18_10_40-600x400.png\" class=\"attachment-medium size-medium wp-post-image\" alt=\"\" srcset=\"https:\/\/mediflow.ae\/wp-content\/uploads\/2026\/04\/ChatGPT-Image-1.-Aug.-2025-18_10_40-600x400.png 600w, https:\/\/mediflow.ae\/wp-content\/uploads\/2026\/04\/ChatGPT-Image-1.-Aug.-2025-18_10_40-1200x800.png 1200w, https:\/\/mediflow.ae\/wp-content\/uploads\/2026\/04\/ChatGPT-Image-1.-Aug.-2025-18_10_40-768x512.png 768w, https:\/\/mediflow.ae\/wp-content\/uploads\/2026\/04\/ChatGPT-Image-1.-Aug.-2025-18_10_40-18x12.png 18w, https:\/\/mediflow.ae\/wp-content\/uploads\/2026\/04\/ChatGPT-Image-1.-Aug.-2025-18_10_40.png 1536w\" sizes=\"auto, (max-width: 600px) 100vw, 600px\" data-wp-pid=\"865\" \/>\t\t\t\t\t\t\t<\/a>\n  \t\t\t\t\t\t\t  \t\t\t\t\t\t\t  \t\t\t\t\t\t<\/div>\n  \t\t\t\t\t\t  \t\t\t\t\t<\/div>\n          \t\t\t\t\t<div class=\"box-text text-center\" >\n\t\t\t\t\t<div class=\"box-text-inner blog-post-inner\">\n\n\t\t\t\t\t\n\t\t\t\t\t\t\t\t\t\t<h5 class=\"post-title is-large \">\n\t\t\t\t\t\t<a href=\"https:\/\/mediflow.ae\/fr\/als-arzt-in-dubai-arbeiten-2026-der-ultimative-guide-von-mediflow\/\" class=\"plain\">Als Arzt in Dubai arbeiten 2026: Der ultimative Guide von Mediflow<\/a>\n\t\t\t\t\t<\/h5>\n\t\t\t\t\t\t\t\t\t\t<div class=\"is-divider\"><\/div>\n\t\t\t\t\t\t\t\t\t\t<p class=\"from_the_blog_excerpt \">\n\t\t\t\t\t\tDie medizinische Landschaft in den Vereinigten Arabischen Emiraten (VAE) erlebt im Jahr 2026 eine beispiellose [...]\t\t\t\t\t<\/p>\n\t\t\t\t\t                    \n\t\t\t\t\t\n\t\t\t\t\t\n\t\t\t\t\t<\/div>\n\t\t\t\t\t<\/div>\n\t\t\t\t\t\t\t\t\t\t\t\t\t\t\t\t<div class=\"badge absolute top post-date badge-outline\">\n\t\t\t\t\t\t\t<div class=\"badge-inner\">\n\t\t\t\t\t\t\t\t<span class=\"post-date-day\">03<\/span><br>\n\t\t\t\t\t\t\t\t<span class=\"post-date-month is-xsmall\">Avr<\/span>\n\t\t\t\t\t\t\t<\/div>\n\t\t\t\t\t\t<\/div>\n\t\t\t\t\t\t\t\t\t<\/div>\n\t\t\t<\/div>\n\t\t<\/div><div class=\"col post-item\" >\n\t\t\t<div class=\"col-inner\">\n\t\t\t\t<div class=\"box box-normal box-text-bottom box-blog-post has-hover\">\n            \t\t\t\t\t<div class=\"box-image\" >\n  \t\t\t\t\t\t<div class=\"image-cover\" style=\"padding-top:56.25%;\">\n\t\t\t\t\t\t\t<a href=\"https:\/\/mediflow.ae\/fr\/your-gateway-to-a-thriving-medical-career-in-the-uae-with-mediflow\/\" class=\"plain\" aria-label=\"Your Gateway to a Thriving Medical Career in the UAE with MediFlow\">\n\t\t\t\t\t\t\t\t<img loading=\"lazy\" decoding=\"async\" width=\"600\" height=\"400\" src=\"https:\/\/mediflow.ae\/wp-content\/uploads\/2026\/03\/malik-shibly-gm_Vztl7w84-unsplash-600x400.jpg\" class=\"attachment-medium size-medium wp-post-image\" alt=\"\" srcset=\"https:\/\/mediflow.ae\/wp-content\/uploads\/2026\/03\/malik-shibly-gm_Vztl7w84-unsplash-600x400.jpg 600w, https:\/\/mediflow.ae\/wp-content\/uploads\/2026\/03\/malik-shibly-gm_Vztl7w84-unsplash-1200x800.jpg 1200w, https:\/\/mediflow.ae\/wp-content\/uploads\/2026\/03\/malik-shibly-gm_Vztl7w84-unsplash-768x512.jpg 768w, https:\/\/mediflow.ae\/wp-content\/uploads\/2026\/03\/malik-shibly-gm_Vztl7w84-unsplash-1536x1024.jpg 1536w, https:\/\/mediflow.ae\/wp-content\/uploads\/2026\/03\/malik-shibly-gm_Vztl7w84-unsplash-2048x1365.jpg 2048w, https:\/\/mediflow.ae\/wp-content\/uploads\/2026\/03\/malik-shibly-gm_Vztl7w84-unsplash-18x12.jpg 18w\" sizes=\"auto, (max-width: 600px) 100vw, 600px\" data-wp-pid=\"456\" \/>\t\t\t\t\t\t\t<\/a>\n  \t\t\t\t\t\t\t  \t\t\t\t\t\t\t  \t\t\t\t\t\t<\/div>\n  \t\t\t\t\t\t  \t\t\t\t\t<\/div>\n          \t\t\t\t\t<div class=\"box-text text-center\" >\n\t\t\t\t\t<div class=\"box-text-inner blog-post-inner\">\n\n\t\t\t\t\t\n\t\t\t\t\t\t\t\t\t\t<h5 class=\"post-title is-large \">\n\t\t\t\t\t\t<a href=\"https:\/\/mediflow.ae\/fr\/your-gateway-to-a-thriving-medical-career-in-the-uae-with-mediflow\/\" class=\"plain\">Your Gateway to a Thriving Medical Career in the UAE with MediFlow<\/a>\n\t\t\t\t\t<\/h5>\n\t\t\t\t\t\t\t\t\t\t<div class=\"is-divider\"><\/div>\n\t\t\t\t\t\t\t\t\t\t<p class=\"from_the_blog_excerpt \">\n\t\t\t\t\t\tEmbarking on a medical career in the United Arab Emirates (UAE) offers unparalleled opportunities for [...]\t\t\t\t\t<\/p>\n\t\t\t\t\t                    \n\t\t\t\t\t\n\t\t\t\t\t\n\t\t\t\t\t<\/div>\n\t\t\t\t\t<\/div>\n\t\t\t\t\t\t\t\t\t\t\t\t\t\t\t\t<div class=\"badge absolute top post-date badge-outline\">\n\t\t\t\t\t\t\t<div class=\"badge-inner\">\n\t\t\t\t\t\t\t\t<span class=\"post-date-day\">03<\/span><br>\n\t\t\t\t\t\t\t\t<span class=\"post-date-month is-xsmall\">Avr<\/span>\n\t\t\t\t\t\t\t<\/div>\n\t\t\t\t\t\t<\/div>\n\t\t\t\t\t\t\t\t\t<\/div>\n\t\t\t<\/div>\n\t\t<\/div><\/div>\n\n<div style=\"background: #EFF4FA; border-left: 4px solid #1A3C6E; padding: 24px 28px; margin: 40px 0; border-radius: 4px; font-family: Arial,sans-serif;\">\n<p style=\"margin: 0 0 14px; font-size: 14px; font-weight: bold; color: #1a3c6e; text-transform: uppercase; letter-spacing: .6px;\">\ud83d\udd17 Related Guides &amp; Next Steps<\/p>\n<div style=\"display: flex; flex-wrap: wrap; gap: 10px;\"><a style=\"background: #1A3C6E; color: #fff; padding: 9px 18px; border-radius: 3px; text-decoration: none; font-size: 13px; font-weight: 600; white-space: nowrap;\" href=\"\/licensing\/\">Licensing Pathways<\/a><br \/><a style=\"background: #1A3C6E; color: #fff; padding: 9px 18px; border-radius: 3px; text-decoration: none; font-size: 13px; font-weight: 600; white-space: nowrap;\" href=\"\/licensing\/dha-licensing\/\">DHA Licensing Guide<\/a><br \/><a style=\"background: #1A3C6E; color: #fff; padding: 9px 18px; border-radius: 3px; text-decoration: none; font-size: 13px; font-weight: 600; white-space: nowrap;\" href=\"\/jobs\/\">Browse Jobs UAE<\/a><br \/><a style=\"background: #1A3C6E; color: #fff; padding: 9px 18px; border-radius: 3px; text-decoration: none; font-size: 13px; font-weight: 600; white-space: nowrap;\" href=\"\/services\/\">Our Services<\/a><br \/><a style=\"background: #2D6AA0; color: #fff; padding: 9px 18px; border-radius: 3px; text-decoration: none; font-size: 13px; font-weight: 600; white-space: nowrap;\" href=\"\/contact\/\">Ask a Question<\/a><\/div>\n<\/div>\n\n\n","protected":false},"excerpt":{"rendered":"","protected":false},"author":1,"featured_media":0,"parent":0,"menu_order":0,"comment_status":"closed","ping_status":"closed","template":"","meta":{"_acf_changed":false,"footnotes":""},"class_list":["post-92","page","type-page","status-publish","hentry"],"acf":[],"_hostinger_reach_plugin_has_subscription_block":false,"_hostinger_reach_plugin_is_elementor":false,"jetpack_sharing_enabled":true,"_links":{"self":[{"href":"https:\/\/mediflow.ae\/fr\/wp-json\/wp\/v2\/pages\/92","targetHints":{"allow":["GET"]}}],"collection":[{"href":"https:\/\/mediflow.ae\/fr\/wp-json\/wp\/v2\/pages"}],"about":[{"href":"https:\/\/mediflow.ae\/fr\/wp-json\/wp\/v2\/types\/page"}],"author":[{"embeddable":true,"href":"https:\/\/mediflow.ae\/fr\/wp-json\/wp\/v2\/users\/1"}],"replies":[{"embeddable":true,"href":"https:\/\/mediflow.ae\/fr\/wp-json\/wp\/v2\/comments?post=92"}],"version-history":[{"count":7,"href":"https:\/\/mediflow.ae\/fr\/wp-json\/wp\/v2\/pages\/92\/revisions"}],"predecessor-version":[{"id":676,"href":"https:\/\/mediflow.ae\/fr\/wp-json\/wp\/v2\/pages\/92\/revisions\/676"}],"wp:attachment":[{"href":"https:\/\/mediflow.ae\/fr\/wp-json\/wp\/v2\/media?parent=92"}],"curies":[{"name":"wp","href":"https:\/\/api.w.org\/{rel}","templated":true}]}}