{"id":467,"date":"2026-03-23T20:38:11","date_gmt":"2026-03-23T20:38:11","guid":{"rendered":"https:\/\/mediflow.ae\/?page_id=467"},"modified":"2026-04-26T05:54:31","modified_gmt":"2026-04-26T05:54:31","slug":"exam-preparation","status":"publish","type":"page","link":"https:\/\/mediflow.ae\/nl\/exam-preparation\/","title":{"rendered":"Examenvoorbereiding"},"content":{"rendered":"<div style=\"background:linear-gradient(135deg,#1a3c6e 0%,#2d6aa0 100%);padding:65px 20px;text-align:center;color:white\">\n<h1 style=\"color:white;font-size:2.2em;margin-bottom:12px;font-weight:700\">Prometric Examenvoorbereiding UAE<\/h1>\n<p style=\"color:rgba(255,255,255,0.88);font-size:1.05em;max-width:650px;margin:0 auto\">Gestructureerde studiehulpmiddelen, proefexamens en coaching voor medische licentie-examens van de VAE.<\/p>\n<\/div>\n<div style=\"padding:55px 20px;max-width:1100px;margin:0 auto\"><p style=\"font-size:1.05em;line-height:1.8;color:#444\">Afhankelijk van uw kwalificatieniveau en de vergunningverlenende instantie moet u mogelijk een UAE-licentie-examen afleggen. MediFlow biedt gerichte examenvoorbereidingsmiddelen om uw kansen op succes bij de eerste poging te maximaliseren.<\/p><h3 style=\"color:#1a3c6e;margin:30px 0 15px\">Examens die we afnemen<\/h3><div style=\"display:grid;grid-template-columns:repeat(auto-fit,minmax(220px,1fr));gap:18px\"><div style=\"background:#f8fafc;border-radius:8px;padding:25px;border-left:4px solid #2d6aa0\"><h4 style=\"color:#1a3c6e;margin-bottom:8px\"><a href=\"\/nl\/licensing\/dha-licensing\/\">DHA<\/a> Licentie-examen<\/h4><p style=\"color:#555;margin:0;line-height:1.7;font-size:0.95em\">Dubai Health Authority Prometric-examen voor artsen en specialisten.<\/p><\/div><div style=\"background:#f8fafc;border-radius:8px;padding:25px;border-left:4px solid #2d6aa0\"><h4 style=\"color:#1a3c6e;margin-bottom:8px\"><a href=\"\/nl\/licensing\/doh-licensing\/\">DOH<\/a>\/DOH (voorheen HAAD) Examen<\/h4><p style=\"color:#555;margin:0;line-height:1.7;font-size:0.95em\">Abu Dhabi Department of Health licentiebeoordeling voor alle gezondheidszorgcategorie\u00ebn.<\/p><\/div><div style=\"background:#f8fafc;border-radius:8px;padding:25px;border-left:4px solid #2d6aa0\"><h4 style=\"color:#1a3c6e;margin-bottom:8px\"><a href=\"\/nl\/licensing\/mohap-licensing\/\">MOHAP<\/a> MOH-examen<\/h4><p style=\"color:#555;margin:0;line-height:1.7;font-size:0.95em\">Examen van het Ministerie van Gezondheid en Preventie voor licenties op federaal niveau.<\/p><\/div><div style=\"background:#f8fafc;border-radius:8px;padding:25px;border-left:4px solid #2d6aa0\"><h4 style=\"color:#1a3c6e;margin-bottom:8px\">DHCC Examen<\/h4><p style=\"color:#555;margin:0;line-height:1.7;font-size:0.95em\">Dubai Healthcare City Authority-Health Regulatory (DCAA-HR) licentiebeoordeling.<\/p><\/div><\/div><h3 style=\"color:#1a3c6e;margin:35px 0 15px\">Onze voorbereidingsondersteuning omvat<\/h3><ul style=\"color:#444;line-height:2;padding-left:20px\"><li>Samengesteld studiemateriaal dat is afgestemd op de syllabi van de UAE-examens<\/li><li>Toegang tot oefenvragenbanken<\/li><li>Proefexamensessies met feedback over je prestaties<\/li><li>E\u00e9n-op-\u00e9\u00e9n coachingsessies met examenspecialisten<\/li><li>Begeleiding bij het boeken en plannen van examens<\/li><\/ul><\/div>\n<div style=\"background:#1a3c6e;padding:50px 20px;text-align:center;color:white\">\n<h3 style=\"color:white;font-size:1.5em;margin-bottom:12px\">Klaar om te beginnen?<\/h3>\n<p style=\"color:rgba(255,255,255,0.85);margin-bottom:22px;max-width:480px;margin-left:auto;margin-right:auto\">Praat vandaag nog met een MediFlow specialist.<\/p>\n<a href=\"\/nl\/contact\/\" style=\"display:inline-block;background:#9ed24a;color:white;padding:12px 28px;border-radius:4px;text-decoration:none;font-weight:700;margin:6px\">Boek examencoaching<\/a>\n<a href=\"\/nl\/services\/\" style=\"display:inline-block;border:2px solid rgba(255,255,255,0.7);color:white;padding:12px 28px;border-radius:4px;text-decoration:none;font-weight:600;margin:6px\">Alle diensten<\/a>\n<\/div>\n\n\n<section id=\"mfr-mid-hero\" style=\"position:relative;overflow:hidden;min-height:520px;display:flex;align-items:center;\"><div style=\"position:absolute;inset:0;background:url('https:\/\/mediflow.ae\/wp-content\/uploads\/2026\/03\/malik-shibly-gm_Vztl7w84-unsplash-scaled.jpg') center center\/cover no-repeat;\"><\/div><div style=\"position:absolute;inset:0;background:linear-gradient(100deg,rgba(15,76,156,.92) 0%,rgba(15,76,156,.75) 45%,rgba(15,76,156,.20) 100%);\"><\/div><div style=\"position:relative;z-index:2;max-width:1200px;margin:0 auto;padding:80px 40px;width:100%;\"><div style=\"max-width:600px;\"><p style=\"display:inline-flex;align-items:center;gap:8px;background:rgba(158,210,74,.18);border:1px solid rgba(158,210,74,.4);color:#9ed24a;font-size:.78rem;font-weight:700;letter-spacing:.12em;text-transform:uppercase;padding:6px 14px;border-radius:20px;margin:0 0 20px;\"><span style=\"width:6px;height:6px;background:#9ed24a;border-radius:50%;display:inline-block;\"><\/span>Onze artsen raadplegen<\/p><h2 style=\"font-size:2.6rem;font-weight:900;color:#fff;line-height:1.15;margin:0 0 18px;\">Klaar om je carri\u00e8re op te bouwen<br><span style=\"color:#9ed24a;\">in de VAE?<\/span><\/h2><p style=\"color:rgba(255,255,255,.88);font-size:1.05rem;line-height:1.72;margin:0 0 32px;\">Van DataFlow-verificatie tot goedkeuring van uw licentie - MediFlow handelt elke stap af zodat u zich kunt concentreren op wat belangrijk is: uw pati\u00ebnten en uw carri\u00e8re.<\/p><div style=\"display:flex;gap:14px;flex-wrap:wrap;\"><a href=\"\/nl\/contact\/\" style=\"display:inline-block;background:#9ed24a;color:#0e1f3d;padding:15px 32px;border-radius:8px;font-weight:800;font-size:.98rem;text-decoration:none;box-shadow:0 4px 18px rgba(158,210,74,.35);\">Uw aanvraag starten<\/a><a href=\"\/nl\/licensing\/\" style=\"display:inline-block;background:transparent;color:#fff;padding:15px 32px;border-radius:8px;font-weight:700;font-size:.98rem;text-decoration:none;border:2px solid rgba(255,255,255,.5);\">Licentie-opties bekijken<\/a><\/div><\/div><\/div><\/section>\n\n\n\n\n<div style=\"background:#f0f4f8;border-left:4px solid #1A3C6E;border-radius:6px;padding:28px 32px;margin:40px 0;font-family:Arial,sans-serif;\">\n<p style=\"margin:0 0 16px;font-size:12px;font-weight:700;color:#1a3c6e;text-transform:uppercase;letter-spacing:1px;\">Gerelateerde gidsen en volgende stappen<\/p>\n<div style=\"display:flex;flex-wrap:wrap;gap:10px;\"><a style=\"background:#1A3C6E;color:#fff;padding:10px 20px;border-radius:4px;text-decoration:none;font-size:13px;font-weight:600;white-space:nowrap;display:inline-block;\" href=\"https:\/\/mediflow.ae\/nl\/dha-licensing\/\">DHA-vergunningen<\/a><a style=\"background:#1A3C6E;color:#fff;padding:10px 20px;border-radius:4px;text-decoration:none;font-size:13px;font-weight:600;white-space:nowrap;display:inline-block;\" href=\"https:\/\/mediflow.ae\/nl\/doh-licensing\/\">DOH Vergunning (Abu Dhabi)<\/a><a style=\"background:#1A3C6E;color:#fff;padding:10px 20px;border-radius:4px;text-decoration:none;font-size:13px;font-weight:600;white-space:nowrap;display:inline-block;\" href=\"https:\/\/mediflow.ae\/nl\/mohap-licensing\/\">MOHAP-vergunning<\/a><a style=\"background:#1A3C6E;color:#fff;padding:10px 20px;border-radius:4px;text-decoration:none;font-size:13px;font-weight:600;white-space:nowrap;display:inline-block;\" href=\"https:\/\/mediflow.ae\/nl\/uae-licensing-tiers\/\">Licentieniveaus<\/a><a style=\"background:#1A3C6E;color:#fff;padding:10px 20px;border-radius:4px;text-decoration:none;font-size:13px;font-weight:600;white-space:nowrap;display:inline-block;\" href=\"https:\/\/mediflow.ae\/nl\/exam-preparation\/\">Examenvoorbereiding<\/a><a style=\"background:#1A3C6E;color:#fff;padding:10px 20px;border-radius:4px;text-decoration:none;font-size:13px;font-weight:600;white-space:nowrap;display:inline-block;\" href=\"https:\/\/mediflow.ae\/nl\/dataflow-psv-support\/\">DataFlow \/ PSV<\/a><a style=\"background:#1A3C6E;color:#fff;padding:10px 20px;border-radius:4px;text-decoration:none;font-size:13px;font-weight:600;white-space:nowrap;display:inline-block;\" href=\"https:\/\/mediflow.ae\/nl\/jobs\/\">Bladeren door jobs UAE<\/a><a style=\"background:#2e7d32;color:#fff;padding:10px 20px;border-radius:4px;text-decoration:none;font-size:13px;font-weight:600;white-space:nowrap;display:inline-block;\" href=\"https:\/\/mediflow.ae\/nl\/contact\/\">Gratis advies<\/a><\/div>\n<\/div>\n\n\n\n\n<div class=\"mfr-page-enhanced\" style=\"background:#f0f5ff;border-bottom:2px solid #dce8f5;padding:12px 20px;\">\n  <div style=\"max-width:900px;margin:0 auto;display:flex;flex-wrap:wrap;justify-content:center;gap:0;align-items:center;\">\n    <div style=\"display:flex;align-items:center;gap:8px;padding:6px 18px;border-right:1px solid #c8d8ee;\">\n      <b style=\"font-size:1.3rem;color:#00703C;\">250+<\/b>\n      <span style=\"font-size:.75rem;color:#4a6080;\">Artsen<br>Licentie<\/span>\n    <\/div>\n    <div style=\"display:flex;align-items:center;gap:8px;padding:6px 18px;border-right:1px solid #c8d8ee;\">\n      <b style=\"font-size:1.3rem;color:#9ed24a;\">100%<\/b>\n      <span style=\"font-size:.75rem;color:#4a6080;\">Gratis<br>Service<\/span>\n    <\/div>\n    <div style=\"display:flex;align-items:center;gap:8px;padding:6px 18px;border-right:1px solid #c8d8ee;\">\n      <b style=\"font-size:1.3rem;color:#00703C;\">24h<\/b>\n      <span style=\"font-size:.75rem;color:#4a6080;\">Reactie<br>Garantie<\/span>\n    <\/div>\n    <div style=\"display:flex;align-items:center;gap:8px;padding:6px 18px;\">\n      <b style=\"font-size:1.3rem;color:#9ed24a;\">\u2605 4.9<\/b>\n      <span style=\"font-size:.75rem;color:#4a6080;\">Dokter<br>Tevredenheid<\/span>\n    <\/div>\n  <\/div>\n<\/div>\n\n\n<section style=\"background:linear-gradient(135deg,#0e1f3d 0%,#1a3c6e 100%);padding:60px 20px;margin-top:0;text-align:center;\">\n  <div style=\"max-width:700px;margin:0 auto;\">\n    <div style=\"display:inline-block;background:rgba(158,210,74,.15);color:#9ed24a;font-size:.78rem;font-weight:700;padding:6px 18px;border-radius:20px;border:1px solid rgba(158,210,74,.3);margin-bottom:20px;letter-spacing:.06em;\">GRATIS ADVIES BESCHIKBAAR<\/div>\n    <h2 style=\"color:#fff;font-size:1.9rem;font-weight:800;margin:0 0 14px;line-height:1.2;\">Klaar om je reis te beginnen<br>in de gezondheidszorg van de VAE?<\/h2>\n    <p style=\"color:rgba(255,255,255,.75);font-size:1rem;margin:0 0 32px;line-height:1.6;\">Ons team van specialisten is nu beschikbaar. Vraag een gratis persoonlijk adviesgesprek aan - geen kosten, geen verplichtingen, alleen deskundige begeleiding.<\/p>\n    <div style=\"display:flex;flex-wrap:wrap;justify-content:center;gap:14px;margin-bottom:24px;\">\n      <a href=\"\/nl\/contact\/\" style=\"display:inline-block;background:linear-gradient(135deg,#9ed24a,#7ab832);color:#0e1f3d;padding:14px 32px;border-radius:50px;font-weight:800;font-size:1rem;text-decoration:none;box-shadow:0 4px 20px rgba(158,210,74,.3);\">Gratis toepassing starten<\/a>\n      <a href=\"https:\/\/wa.me\/971502480606?text=Hi%20MediFlow%2C%20I%20visited%20your%20Exam%20Preparation%20page%20and%20would%20like%20a%20free%20consultation.\" style=\"display:inline-block;background:#25D366;color:#fff;padding:14px 32px;border-radius:50px;font-weight:800;font-size:1rem;text-decoration:none;box-shadow:0 4px 20px rgba(37,211,102,.3);\" target=\"_blank\" rel=\"noopener\">Chatten op WhatsApp<\/a>\n    <\/div>\n    <p style=\"color:rgba(255,255,255,.5);font-size:.78rem;margin:0;\">\u2705 Geen kosten \u2705 Geen papierwerkstress \u2705 Antwoord binnen 24 uur<\/p>\n  <\/div>\n<\/section>","protected":false},"excerpt":{"rendered":"<p>\ud83d\udcd8 Prometric Exam Preparation UAE Structured study resources, mock exams, and coaching for UAE medical licensing examinations. Depending on your qualification level and the licensing authority, you may need to pass a UAE licensing examination. MediFlow provides targeted exam preparation resources to maximize your chances of first-attempt success. Exams We Cover DHA Licensing Exam Dubai [&#8230;]\n","protected":false},"author":1,"featured_media":0,"parent":0,"menu_order":0,"comment_status":"closed","ping_status":"closed","template":"","meta":{"_acf_changed":false,"footnotes":""},"class_list":["post-467","page","type-page","status-publish","hentry"],"acf":[],"jetpack_sharing_enabled":true,"_links":{"self":[{"href":"https:\/\/mediflow.ae\/nl\/wp-json\/wp\/v2\/pages\/467","targetHints":{"allow":["GET"]}}],"collection":[{"href":"https:\/\/mediflow.ae\/nl\/wp-json\/wp\/v2\/pages"}],"about":[{"href":"https:\/\/mediflow.ae\/nl\/wp-json\/wp\/v2\/types\/page"}],"author":[{"embeddable":true,"href":"https:\/\/mediflow.ae\/nl\/wp-json\/wp\/v2\/users\/1"}],"replies":[{"embeddable":true,"href":"https:\/\/mediflow.ae\/nl\/wp-json\/wp\/v2\/comments?post=467"}],"version-history":[{"count":17,"href":"https:\/\/mediflow.ae\/nl\/wp-json\/wp\/v2\/pages\/467\/revisions"}],"predecessor-version":[{"id":1352,"href":"https:\/\/mediflow.ae\/nl\/wp-json\/wp\/v2\/pages\/467\/revisions\/1352"}],"wp:attachment":[{"href":"https:\/\/mediflow.ae\/nl\/wp-json\/wp\/v2\/media?parent=467"}],"curies":[{"name":"wp","href":"https:\/\/api.w.org\/{rel}","templated":true}]}}