{"id":467,"date":"2026-03-23T20:38:11","date_gmt":"2026-03-23T20:38:11","guid":{"rendered":"https:\/\/mediflow.ae\/?page_id=467"},"modified":"2026-04-26T05:54:31","modified_gmt":"2026-04-26T05:54:31","slug":"exam-preparation","status":"publish","type":"page","link":"https:\/\/mediflow.ae\/pt\/exam-preparation\/","title":{"rendered":"Prepara\u00e7\u00e3o para Exame"},"content":{"rendered":"<div style=\"background:linear-gradient(135deg,#1a3c6e 0%,#2d6aa0 100%);padding:65px 20px;text-align:center;color:white\">\n<h1 style=\"color:white;font-size:2.2em;margin-bottom:12px;font-weight:700\">\ud83d\udcd8 Prepara\u00e7\u00e3o para Exames Prometric EAU<\/h1>\n<p style=\"color:rgba(255,255,255,0.88);font-size:1.05em;max-width:650px;margin:0 auto\">Recursos de estudo estruturados, simulados e coaching para exames de licenciamento m\u00e9dico dos Emirados \u00c1rabes Unidos.<\/p>\n<\/div>\n<div style=\"padding:55px 20px;max-width:1100px;margin:0 auto\"><p style=\"font-size:1.05em;line-height:1.8;color:#444\">Dependendo do seu n\u00edvel de qualifica\u00e7\u00e3o e da autoridade de licenciamento, voc\u00ea pode precisar passar por um exame de licenciamento nos Emirados \u00c1rabes Unidos. A MediFlow oferece recursos direcionados de prepara\u00e7\u00e3o para o exame para maximizar suas chances de sucesso na primeira tentativa.<\/p><h3 style=\"color:#1a3c6e;margin:30px 0 15px\">Exames que Cobrimos<\/h3><div style=\"display:grid;grid-template-columns:repeat(auto-fit,minmax(220px,1fr));gap:18px\"><div style=\"background:#f8fafc;border-radius:8px;padding:25px;border-left:4px solid #2d6aa0\"><h4 style=\"color:#1a3c6e;margin-bottom:8px\"><a href=\"\/pt\/licenciamento\/dha-licensing\/\">DHA<\/a> Exame de Licenciamento<\/h4><p style=\"color:#555;margin:0;line-height:1.7;font-size:0.95em\">Exame Prometric da Autoridade de Sa\u00fade de Dubai para Profissionais e Especialistas.<\/p><\/div><div style=\"background:#f8fafc;border-radius:8px;padding:25px;border-left:4px solid #2d6aa0\"><h4 style=\"color:#1a3c6e;margin-bottom:8px\"><a href=\"\/pt\/licenciamento\/doh-licensing\/\">DOH<\/a>\/Exame DOH (anteriormente HAAD)<\/h4><p style=\"color:#555;margin:0;line-height:1.7;font-size:0.95em\">Avalia\u00e7\u00e3o de licenciamento do Departamento de Sa\u00fade de Abu Dhabi para todas as categorias de sa\u00fade.<\/p><\/div><div style=\"background:#f8fafc;border-radius:8px;padding:25px;border-left:4px solid #2d6aa0\"><h4 style=\"color:#1a3c6e;margin-bottom:8px\"><a href=\"\/pt\/licenciamento\/mohap-licensing\/\">MOHAP<\/a> Exame MOH<\/h4><p style=\"color:#555;margin:0;line-height:1.7;font-size:0.95em\">Exame do Minist\u00e9rio da Sa\u00fade e Preven\u00e7\u00e3o para licenciamento em n\u00edvel federal.<\/p><\/div><div style=\"background:#f8fafc;border-radius:8px;padding:25px;border-left:4px solid #2d6aa0\"><h4 style=\"color:#1a3c6e;margin-bottom:8px\">Exame DHCC<\/h4><p style=\"color:#555;margin:0;line-height:1.7;font-size:0.95em\">Avalia\u00e7\u00e3o de licenciamento da Dubai Healthcare City Authority-Health Regulatory (DCAA-HR).<\/p><\/div><\/div><h3 style=\"color:#1a3c6e;margin:35px 0 15px\">Nosso Suporte de Prepara\u00e7\u00e3o Inclui<\/h3><ul style=\"color:#444;line-height:2;padding-left:20px\"><li>Materiais de estudo curados alinhados com os programas do exame dos EAU<\/li><li>Acesso a bancos de quest\u00f5es para pr\u00e1tica<\/li><li>Sess\u00f5es de simulados com feedback de desempenho<\/li><li>Sess\u00f5es de coaching individuais com especialistas em exames<\/li><li>Agendamento e orienta\u00e7\u00e3o para exames<\/li><\/ul><\/div>\n<div style=\"background:#1a3c6e;padding:50px 20px;text-align:center;color:white\">\n<h3 style=\"color:white;font-size:1.5em;margin-bottom:12px\">Pronto para come\u00e7ar?<\/h3>\n<p style=\"color:rgba(255,255,255,0.85);margin-bottom:22px;max-width:480px;margin-left:auto;margin-right:auto\">Fale com um especialista da MediFlow hoje mesmo.<\/p>\n<a href=\"\/pt\/contato\/\" style=\"display:inline-block;background:#9ed24a;color:white;padding:12px 28px;border-radius:4px;text-decoration:none;font-weight:700;margin:6px\">Agendar Sess\u00e3o de Coaching para Exame<\/a>\n<a href=\"\/pt\/services\/\" style=\"display:inline-block;border:2px solid rgba(255,255,255,0.7);color:white;padding:12px 28px;border-radius:4px;text-decoration:none;font-weight:600;margin:6px\">Todos os Servi\u00e7os<\/a>\n<\/div>\n\n\n<section id=\"mfr-mid-hero\" style=\"position:relative;overflow:hidden;min-height:520px;display:flex;align-items:center;\"><div style=\"position:absolute;inset:0;background:url('https:\/\/mediflow.ae\/wp-content\/uploads\/2026\/03\/malik-shibly-gm_Vztl7w84-unsplash-scaled.jpg') center center\/cover no-repeat;\"><\/div><div style=\"position:absolute;inset:0;background:linear-gradient(100deg,rgba(15,76,156,.92) 0%,rgba(15,76,156,.75) 45%,rgba(15,76,156,.20) 100%);\"><\/div><div style=\"position:relative;z-index:2;max-width:1200px;margin:0 auto;padding:80px 40px;width:100%;\"><div style=\"max-width:600px;\"><p style=\"display:inline-flex;align-items:center;gap:8px;background:rgba(158,210,74,.18);border:1px solid rgba(158,210,74,.4);color:#9ed24a;font-size:.78rem;font-weight:700;letter-spacing:.12em;text-transform:uppercase;padding:6px 14px;border-radius:20px;margin:0 0 20px;\"><span style=\"width:6px;height:6px;background:#9ed24a;border-radius:50%;display:inline-block;\"><\/span>Nossos M\u00e9dicos Consultores<\/p><h2 style=\"font-size:2.6rem;font-weight:900;color:#fff;line-height:1.15;margin:0 0 18px;\">Pronto para Construir Sua Carreira<br><span style=\"color:#9ed24a;\">nos Emirados \u00c1rabes Unidos?<\/span><\/h2><p style=\"color:rgba(255,255,255,.88);font-size:1.05rem;line-height:1.72;margin:0 0 32px;\">Da verifica\u00e7\u00e3o do DataFlow \u00e0 aprova\u00e7\u00e3o da sua licen\u00e7a, o MediFlow cuida de todas as etapas para que voc\u00ea possa se concentrar no que importa: seus pacientes e sua carreira.<\/p><div style=\"display:flex;gap:14px;flex-wrap:wrap;\"><a href=\"\/pt\/contato\/\" style=\"display:inline-block;background:#9ed24a;color:#0e1f3d;padding:15px 32px;border-radius:8px;font-weight:800;font-size:.98rem;text-decoration:none;box-shadow:0 4px 18px rgba(158,210,74,.35);\">Inicie Sua Aplica\u00e7\u00e3o<\/a><a href=\"\/pt\/licenciamento\/\" style=\"display:inline-block;background:transparent;color:#fff;padding:15px 32px;border-radius:8px;font-weight:700;font-size:.98rem;text-decoration:none;border:2px solid rgba(255,255,255,.5);\">Ver Op\u00e7\u00f5es de Licenciamento<\/a><\/div><\/div><\/div><\/section>\n\n\n\n\n<div style=\"background:#f0f4f8;border-left:4px solid #1A3C6E;border-radius:6px;padding:28px 32px;margin:40px 0;font-family:Arial,sans-serif;\">\n<p style=\"margin:0 0 16px;font-size:12px;font-weight:700;color:#1a3c6e;text-transform:uppercase;letter-spacing:1px;\">Guias relacionados e pr\u00f3ximos passos<\/p>\n<div style=\"display:flex;flex-wrap:wrap;gap:10px;\"><a style=\"background:#1A3C6E;color:#fff;padding:10px 20px;border-radius:4px;text-decoration:none;font-size:13px;font-weight:600;white-space:nowrap;display:inline-block;\" href=\"https:\/\/mediflow.ae\/pt\/dha-licensing\/\">Licenciamento DHA<\/a><a style=\"background:#1A3C6E;color:#fff;padding:10px 20px;border-radius:4px;text-decoration:none;font-size:13px;font-weight:600;white-space:nowrap;display:inline-block;\" href=\"https:\/\/mediflow.ae\/pt\/doh-licensing\/\">Licenciamento DOH (Abu Dhabi)<\/a><a style=\"background:#1A3C6E;color:#fff;padding:10px 20px;border-radius:4px;text-decoration:none;font-size:13px;font-weight:600;white-space:nowrap;display:inline-block;\" href=\"https:\/\/mediflow.ae\/pt\/mohap-licensing\/\">Licenciamento MOHAP<\/a><a style=\"background:#1A3C6E;color:#fff;padding:10px 20px;border-radius:4px;text-decoration:none;font-size:13px;font-weight:600;white-space:nowrap;display:inline-block;\" href=\"https:\/\/mediflow.ae\/pt\/uae-licensing-tiers\/\">N\u00edveis de Licenciamento<\/a><a style=\"background:#1A3C6E;color:#fff;padding:10px 20px;border-radius:4px;text-decoration:none;font-size:13px;font-weight:600;white-space:nowrap;display:inline-block;\" href=\"https:\/\/mediflow.ae\/pt\/exam-preparation\/\">Prepara\u00e7\u00e3o para Exame<\/a><a style=\"background:#1A3C6E;color:#fff;padding:10px 20px;border-radius:4px;text-decoration:none;font-size:13px;font-weight:600;white-space:nowrap;display:inline-block;\" href=\"https:\/\/mediflow.ae\/pt\/dataflow-psv-support\/\">DataFlow \/ PSV<\/a><a style=\"background:#1A3C6E;color:#fff;padding:10px 20px;border-radius:4px;text-decoration:none;font-size:13px;font-weight:600;white-space:nowrap;display:inline-block;\" href=\"https:\/\/mediflow.ae\/pt\/jobs\/\">Navegar Empregos EAU<\/a><a style=\"background:#2e7d32;color:#fff;padding:10px 20px;border-radius:4px;text-decoration:none;font-size:13px;font-weight:600;white-space:nowrap;display:inline-block;\" href=\"https:\/\/mediflow.ae\/pt\/contato\/\">Consulta gratuita<\/a><\/div>\n<\/div>\n\n\n\n\n<div class=\"mfr-page-enhanced\" style=\"background:#f0f5ff;border-bottom:2px solid #dce8f5;padding:12px 20px;\">\n  <div style=\"max-width:900px;margin:0 auto;display:flex;flex-wrap:wrap;justify-content:center;gap:0;align-items:center;\">\n    <div style=\"display:flex;align-items:center;gap:8px;padding:6px 18px;border-right:1px solid #c8d8ee;\">\n      <b style=\"font-size:1.3rem;color:#00703C;\">250+<\/b>\n      <span style=\"font-size:.75rem;color:#4a6080;\">M\u00e9dicos<br>Licenciado<\/span>\n    <\/div>\n    <div style=\"display:flex;align-items:center;gap:8px;padding:6px 18px;border-right:1px solid #c8d8ee;\">\n      <b style=\"font-size:1.3rem;color:#9ed24a;\">100%<\/b>\n      <span style=\"font-size:.75rem;color:#4a6080;\">Gr\u00e1tis<br>Servi\u00e7o<\/span>\n    <\/div>\n    <div style=\"display:flex;align-items:center;gap:8px;padding:6px 18px;border-right:1px solid #c8d8ee;\">\n      <b style=\"font-size:1.3rem;color:#00703C;\">24h<\/b>\n      <span style=\"font-size:.75rem;color:#4a6080;\">Resposta<br>Garantia<\/span>\n    <\/div>\n    <div style=\"display:flex;align-items:center;gap:8px;padding:6px 18px;\">\n      <b style=\"font-size:1.3rem;color:#9ed24a;\">\u2605 4.9<\/b>\n      <span style=\"font-size:.75rem;color:#4a6080;\">M\u00e9dico<br>Satisfa\u00e7\u00e3o<\/span>\n    <\/div>\n  <\/div>\n<\/div>\n\n\n<section style=\"background:linear-gradient(135deg,#0e1f3d 0%,#1a3c6e 100%);padding:60px 20px;margin-top:0;text-align:center;\">\n  <div style=\"max-width:700px;margin:0 auto;\">\n    <div style=\"display:inline-block;background:rgba(158,210,74,.15);color:#9ed24a;font-size:.78rem;font-weight:700;padding:6px 18px;border-radius:20px;border:1px solid rgba(158,210,74,.3);margin-bottom:20px;letter-spacing:.06em;\">CONSULTA GR\u00c1TIS DISPON\u00cdVEL<\/div>\n    <h2 style=\"color:#fff;font-size:1.9rem;font-weight:800;margin:0 0 14px;line-height:1.2;\">Pronto para Come\u00e7ar Sua Jornada<br>nos Emirados \u00c1rabes Unidos?<\/h2>\n    <p style=\"color:rgba(255,255,255,.75);font-size:1rem;margin:0 0 32px;line-height:1.6;\">Nossa equipe de especialistas est\u00e1 dispon\u00edvel agora mesmo. Receba sua consulta personalizada gratuita \u2014 sem taxas, sem compromisso, apenas orienta\u00e7\u00e3o especializada.<\/p>\n    <div style=\"display:flex;flex-wrap:wrap;justify-content:center;gap:14px;margin-bottom:24px;\">\n      <a href=\"\/pt\/contato\/\" style=\"display:inline-block;background:linear-gradient(135deg,#9ed24a,#7ab832);color:#0e1f3d;padding:14px 32px;border-radius:50px;font-weight:800;font-size:1rem;text-decoration:none;box-shadow:0 4px 20px rgba(158,210,74,.3);\">\ud83d\udccb Iniciar Candidatura Gratuita<\/a>\n      <a href=\"https:\/\/wa.me\/971502480606?text=Hi%20MediFlow%2C%20I%20visited%20your%20Exam%20Preparation%20page%20and%20would%20like%20a%20free%20consultation.\" style=\"display:inline-block;background:#25D366;color:#fff;padding:14px 32px;border-radius:50px;font-weight:800;font-size:1rem;text-decoration:none;box-shadow:0 4px 20px rgba(37,211,102,.3);\" target=\"_blank\" rel=\"noopener\">\ud83d\udcac Bate-papo no WhatsApp<\/a>\n    <\/div>\n    <p style=\"color:rgba(255,255,255,.5);font-size:.78rem;margin:0;\">\u2705 Sem taxas \u00a0\u00a0 \u2705 Sem stress com burocracia \u00a0\u00a0 \u2705 Resposta em at\u00e9 24 horas<\/p>\n  <\/div>\n<\/section>","protected":false},"excerpt":{"rendered":"<p>\ud83d\udcd8 Prometric Exam Preparation UAE Structured study resources, mock exams, and coaching for UAE medical licensing examinations. Depending on your qualification level and the licensing authority, you may need to pass a UAE licensing examination. MediFlow provides targeted exam preparation resources to maximize your chances of first-attempt success. Exams We Cover DHA Licensing Exam Dubai [&#8230;]\n","protected":false},"author":1,"featured_media":0,"parent":0,"menu_order":0,"comment_status":"closed","ping_status":"closed","template":"","meta":{"_acf_changed":false,"footnotes":""},"class_list":["post-467","page","type-page","status-publish","hentry"],"acf":[],"jetpack_sharing_enabled":true,"_links":{"self":[{"href":"https:\/\/mediflow.ae\/pt\/wp-json\/wp\/v2\/pages\/467","targetHints":{"allow":["GET"]}}],"collection":[{"href":"https:\/\/mediflow.ae\/pt\/wp-json\/wp\/v2\/pages"}],"about":[{"href":"https:\/\/mediflow.ae\/pt\/wp-json\/wp\/v2\/types\/page"}],"author":[{"embeddable":true,"href":"https:\/\/mediflow.ae\/pt\/wp-json\/wp\/v2\/users\/1"}],"replies":[{"embeddable":true,"href":"https:\/\/mediflow.ae\/pt\/wp-json\/wp\/v2\/comments?post=467"}],"version-history":[{"count":17,"href":"https:\/\/mediflow.ae\/pt\/wp-json\/wp\/v2\/pages\/467\/revisions"}],"predecessor-version":[{"id":1352,"href":"https:\/\/mediflow.ae\/pt\/wp-json\/wp\/v2\/pages\/467\/revisions\/1352"}],"wp:attachment":[{"href":"https:\/\/mediflow.ae\/pt\/wp-json\/wp\/v2\/media?parent=467"}],"curies":[{"name":"wp","href":"https:\/\/api.w.org\/{rel}","templated":true}]}}