{"id":1083,"date":"2026-04-06T08:03:35","date_gmt":"2026-04-06T08:03:35","guid":{"rendered":"https:\/\/mediflow.ae\/?page_id=1083"},"modified":"2026-04-06T08:03:41","modified_gmt":"2026-04-06T08:03:41","slug":"apply","status":"publish","type":"page","link":"https:\/\/mediflow.ae\/tr\/apply\/","title":{"rendered":"Ba\u015fvurmak"},"content":{"rendered":"<div class=\"mff-wrap mff-wrap--general\"\n             id=\"mff-form-5\"\n             data-form-id=\"5\"\n             data-total=\"2\"\n             data-logic='[]'\n             dir=\"ltr\"\n             style=\"--mff-accent:#77bb41;--mff-bg:#FFFFFF;--mff-text:#1A1A2E\">\n\n          <!-- Brand header -->\n          <div class=\"mff-header\">\n                          <div class=\"mff-logo-text\">\n                <span class=\"mff-logo-medi\">Medi<\/span><span class=\"mff-logo-flow\">Ak\u0131\u015f<\/span>\n                <sup class=\"mff-logo-badge\">BAE<\/sup>\n              <\/div>\n                        <div class=\"mff-category-badge mff-cat-general\">\n              Genel Sorgulama            <\/div>\n          <\/div>\n\n          <!-- Progress -->\n          <div class=\"mff-progress-wrap\" role=\"progressbar\" aria-valuemin=\"0\" aria-valuemax=\"100\" aria-valuenow=\"0\">\n            <div class=\"mff-progress-track\">\n              <div class=\"mff-progress-fill\" style=\"width:0%\"><\/div>\n            <\/div>\n                        <div class=\"mff-step-indicator\">\n              <span class=\"mff-step-current\">1<\/span> \/ <span class=\"mff-step-total\">2<\/span>\n            <\/div>\n                      <\/div>\n\n          <!-- Steps -->\n          <div class=\"mff-steps-container\" aria-live=\"polite\">\n                        <div class=\"mff-step mff-step--active\"\n                 data-step=\"0\"\n                 role=\"group\"\n                 aria-label=\"Ad\u0131m 1 \/ 2\">\n\n              <div class=\"mff-step-header\">\n                <div class=\"mff-step-icon\"><svg viewbox=\"0 0 24 24\" fill=\"none\" stroke=\"currentColor\" stroke-width=\"2\"><path d=\"M20 21v-2a4 4 0 00-4-4H8a4 4 0 00-4 4v2\"\/><circle cx=\"12\" cy=\"7\" r=\"4\"\/><\/svg><\/div>\n                <div>\n                                      <h2 class=\"mff-step-title\">DHA Lisans\u0131n\u0131z\u0131 Al\u0131n ve Dubai ve GCC'de \u00c7al\u0131\u015f\u0131n<\/h2>\n                                                        <p class=\"mff-step-subtitle\">Bize kim oldu\u011funuzu ve neye ihtiyac\u0131n\u0131z oldu\u011funu s\u00f6yleyin.<\/p>\n                                  <\/div>\n              <\/div>\n\n              <div class=\"mff-fields-grid\">\n                                  <div class=\"mff-field mff-field--radio\" data-field-id=\"enquiry_type\"><label class=\"mff-label\" for=\"mff_field_enquiry_type\">Ben bir ... <span class=\"mff-required\" aria-label=\"gerekli\">*<\/span><\/label><div class=\"mff-choices\" role=\"radiogroup\" aria-label=\"Ben bir ...\"><label class=\"mff-choice\"><input type='radio' id='mff_field_enquiry_type_0' name='mff_enquiry_type' value='Healthcare Professional (doctor, nurse, allied)' required aria-required=\"true\"><span class=\"mff-choice-indicator\"><\/span><span class=\"mff-choice-label\">Sa\u011fl\u0131k Hizmetleri Uzman\u0131 (doktor, hem\u015fire, yard\u0131mc\u0131)<\/span><\/label><label class=\"mff-choice\"><input type='radio' id='mff_field_enquiry_type_1' name='mff_enquiry_type' value='Healthcare Employer \/ Recruiter' required aria-required=\"true\"><span class=\"mff-choice-indicator\"><\/span><span class=\"mff-choice-label\">Sa\u011fl\u0131k Hizmetleri \u0130\u015fvereni \/ \u0130\u015fveren<\/span><\/label><label class=\"mff-choice\"><input type='radio' id='mff_field_enquiry_type_2' name='mff_enquiry_type' value='Patient \/ Individual' required aria-required=\"true\"><span class=\"mff-choice-indicator\"><\/span><span class=\"mff-choice-label\">Hasta \/ Birey<\/span><\/label><label class=\"mff-choice\"><input type='radio' id='mff_field_enquiry_type_3' name='mff_enquiry_type' value='Other' required aria-required=\"true\"><span class=\"mff-choice-indicator\"><\/span><span class=\"mff-choice-label\">Di\u011fer<\/span><\/label><\/div><div class=\"mff-field-error\" role=\"alert\" aria-live=\"polite\"><\/div><\/div>                                  <div class=\"mff-field mff-field--text\" data-field-id=\"full_name\"><label class=\"mff-label\" for=\"mff_field_full_name\">Ad Soyad <span class=\"mff-required\" aria-label=\"gerekli\">*<\/span><\/label><input type='text' id='mff_field_full_name' name='mff_full_name' placeholder='' required aria-required=\"true\"><div class=\"mff-field-error\" role=\"alert\" aria-live=\"polite\"><\/div><\/div>                                  <div class=\"mff-field mff-field--email\" data-field-id=\"email\"><label class=\"mff-label\" for=\"mff_field_email\">E-posta <span class=\"mff-required\" aria-label=\"gerekli\">*<\/span><\/label><input type='email' id='mff_field_email' name='mff_email' placeholder='' required aria-required=\"true\"><div class=\"mff-field-error\" role=\"alert\" aria-live=\"polite\"><\/div><\/div>                                  <div class=\"mff-field mff-field--tel\" data-field-id=\"whatsapp\"><label class=\"mff-label\" for=\"mff_field_whatsapp\">WhatsApp <span class=\"mff-required\" aria-label=\"gerekli\">*<\/span><\/label><input type='tel' id='mff_field_whatsapp' name='mff_whatsapp' placeholder='+971 ...' required aria-required=\"true\"><div class=\"mff-field-error\" role=\"alert\" aria-live=\"polite\"><\/div><\/div>                                  <div class=\"mff-field mff-field--select\" data-field-id=\"country\"><label class=\"mff-label\" for=\"mff_field_country\">\u00dclke <span class=\"mff-required\" aria-label=\"gerekli\">*<\/span><\/label><div class='mff-select-wrap'><select id='mff_field_country' name='mff_country' required aria-required=\"true\"><option value=''>L\u00fctfen se\u00e7in ...<\/option><option value=\"Afghanistan\">Afganistan<\/option><option value=\"Albania\">Arnavutluk<\/option><option value=\"Algeria\">Cezayir<\/option><option value=\"Andorra\">Andorra<\/option><option value=\"Angola\">Angola<\/option><option value=\"Argentina\">Arjantin<\/option><option value=\"Armenia\">Ermenistan<\/option><option value=\"Australia\">Avustralya<\/option><option value=\"Austria\">Avusturya<\/option><option value=\"Azerbaijan\">Azerbaycan<\/option><option value=\"Bahrain\">Bahreyn<\/option><option value=\"Bangladesh\">Banglade\u015f<\/option><option value=\"Belarus\">Belarus<\/option><option value=\"Belgium\">Bel\u00e7ika<\/option><option value=\"Bolivia\">Bolivya<\/option><option value=\"Bosnia\">Bosna<\/option><option value=\"Brazil\">Brezilya<\/option><option value=\"Bulgaria\">Bulgaristan<\/option><option value=\"Canada\">Kanada<\/option><option value=\"Chile\">\u015eili<\/option><option value=\"China\">\u00c7in<\/option><option value=\"Colombia\">Kolombiya<\/option><option value=\"Croatia\">H\u0131rvatistan<\/option><option value=\"Cuba\">K\u00fcba<\/option><option value=\"Cyprus\">K\u0131br\u0131s<\/option><option value=\"Czech Republic\">\u00c7ek Cumhuriyeti<\/option><option value=\"Denmark\">Danimarka<\/option><option value=\"Egypt\">M\u0131s\u0131r<\/option><option value=\"Ethiopia\">Etiyopya<\/option><option value=\"Finland\">Finlandiya<\/option><option value=\"France\">Fransa<\/option><option value=\"Georgia\">G\u00fcrcistan<\/option><option value=\"Germany\">Almanya<\/option><option value=\"Ghana\">Gana<\/option><option value=\"Greece\">Yunanistan<\/option><option value=\"Hungary\">Macaristan<\/option><option value=\"India\">Hindistan<\/option><option value=\"Indonesia\">Endonezya<\/option><option value=\"Iran\">\u0130ran<\/option><option value=\"Iraq\">Irak<\/option><option value=\"Ireland\">\u0130rlanda<\/option><option value=\"Italy\">\u0130talya<\/option><option value=\"Jamaica\">Jamaika<\/option><option value=\"Japan\">Japonya<\/option><option value=\"Jordan\">\u00dcrd\u00fcn<\/option><option value=\"Kazakhstan\">Kazakistan<\/option><option value=\"Kenya\">Kenya<\/option><option value=\"Kuwait\">Kuveyt<\/option><option value=\"Lebanon\">L\u00fcbnan<\/option><option value=\"Libya\">Libya<\/option><option value=\"Luxembourg\">L\u00fcksemburg<\/option><option value=\"Malaysia\">Malezya<\/option><option value=\"Malta\">Malta<\/option><option value=\"Mexico\">Meksika<\/option><option value=\"Morocco\">Fas<\/option><option value=\"Netherlands\">Hollanda<\/option><option value=\"New Zealand\">Yeni Zelanda<\/option><option value=\"Nigeria\">Nijerya<\/option><option value=\"Norway\">Norve\u00e7<\/option><option value=\"Oman\">Umman<\/option><option value=\"Pakistan\">Pakistan<\/option><option value=\"Palestine\">Filistin<\/option><option value=\"Panama\">Panama<\/option><option value=\"Peru\">Peru<\/option><option value=\"Philippines\">Filipinler<\/option><option value=\"Poland\">Polonya<\/option><option value=\"Portugal\">Portekiz<\/option><option value=\"Qatar\">Katar<\/option><option value=\"Romania\">Romanya<\/option><option value=\"Russia\">Rusya<\/option><option value=\"Saudi Arabia\">Suudi Arabistan<\/option><option value=\"Serbia\">S\u0131rbistan<\/option><option value=\"Singapore\">Singapur<\/option><option value=\"Slovakia\">Slovakya<\/option><option value=\"Slovenia\">Slovenya<\/option><option value=\"Somalia\">Somali<\/option><option value=\"South Africa\">G\u00fcney Afrika<\/option><option value=\"South Korea\">G\u00fcney Kore<\/option><option value=\"Spain\">\u0130spanya<\/option><option value=\"Sri Lanka\">Sri Lanka<\/option><option value=\"Sudan\">Sudan<\/option><option value=\"Sweden\">\u0130sve\u00e7<\/option><option value=\"Switzerland\">\u0130svi\u00e7re<\/option><option value=\"Syria\">Suriye<\/option><option value=\"Taiwan\">Tayvan<\/option><option value=\"Tanzania\">Tanzanya<\/option><option value=\"Thailand\">Tayland<\/option><option value=\"Tunisia\">Tunus<\/option><option value=\"Turkey\">T\u00fcrkiye<\/option><option value=\"Uganda\">Uganda<\/option><option value=\"Ukraine\">Ukrayna<\/option><option value=\"United Arab Emirates\">Birle\u015fik Arap Emirlikleri<\/option><option value=\"United Kingdom\">Birle\u015fik Krall\u0131k<\/option><option value=\"United States\">Birle\u015fik Devletler<\/option><option value=\"Uruguay\">Uruguay<\/option><option value=\"Venezuela\">Venezuela<\/option><option value=\"Vietnam\">Vietnam<\/option><option value=\"Yemen\">Yemen<\/option><option value=\"Zimbabwe\">Zimbabve<\/option><option value=\"Other\">Di\u011fer<\/option><\/select><\/div><div class=\"mff-field-error\" role=\"alert\" aria-live=\"polite\"><\/div><\/div>                              <\/div>\n\n              <div class=\"mff-step-nav\">\n                                                  <button type=\"button\" class=\"mff-btn mff-btn--next\">\n                    Devam et                    <svg viewbox=\"0 0 20 20\" fill=\"currentColor\" width=\"16\"><path d=\"M7.293 14.707a1 1 0 010-1.414L10.586 10 7.293 6.707a1 1 0 011.414-1.414l4 4a1 1 0 010 1.414l-4 4a1 1 0 01-1.414 0z\"\/><\/svg>\n                  <\/button>\n                              <\/div>\n            <\/div>\n                        <div class=\"mff-step\"\n                 data-step=\"1\"\n                 role=\"group\"\n                 aria-label=\"Ad\u0131m 2\/2\">\n\n              <div class=\"mff-step-header\">\n                <div class=\"mff-step-icon\"><svg viewbox=\"0 0 24 24\" fill=\"none\" stroke=\"currentColor\" stroke-width=\"2\"><path d=\"M21 15a2 2 0 01-2 2H7l-4 4V5a2 2 0 012-2h14a2 2 0 012 2z\"\/><\/svg><\/div>\n                <div>\n                                      <h2 class=\"mff-step-title\">Sorunuz<\/h2>\n                                                        <p class=\"mff-step-subtitle\">MediFlow size nas\u0131l yard\u0131mc\u0131 olabilir?<\/p>\n                                  <\/div>\n              <\/div>\n\n              <div class=\"mff-fields-grid\">\n                                  <div class=\"mff-field mff-field--select\" data-field-id=\"topic\"><label class=\"mff-label\" for=\"mff_field_topic\">Konu <span class=\"mff-required\" aria-label=\"gerekli\">*<\/span><\/label><div class='mff-select-wrap'><select id='mff_field_topic' name='mff_topic' required aria-required=\"true\"><option value=''>L\u00fctfen se\u00e7in ...<\/option><option value=\"DHA License\">DHA Lisans\u0131<\/option><option value=\"DOH License\">Sa\u011fl\u0131k Bakanl\u0131\u011f\u0131 Lisans\u0131<\/option><option value=\"MOH License\">Sa\u011fl\u0131k Bakanl\u0131\u011f\u0131 Lisans\u0131<\/option><option value=\"Nursing License\">Hem\u015firelik Lisans\u0131<\/option><option value=\"Allied Health License\">M\u00fcttefik Sa\u011fl\u0131k Lisans\u0131<\/option><option value=\"Dataflow \/ PSV\">Veri Ak\u0131\u015f\u0131 \/ PSV<\/option><option value=\"Prometric Exam\">Prometrik S\u0131nav<\/option><option value=\"Healthcare Recruitment\">Sa\u011fl\u0131k Hizmetleri \u0130\u015fe Al\u0131m<\/option><option value=\"Employer Staffing\">\u0130\u015fveren Personel Temini<\/option><option value=\"Other\">Di\u011fer<\/option><\/select><\/div><div class=\"mff-field-error\" role=\"alert\" aria-live=\"polite\"><\/div><\/div>                                  <div class=\"mff-field mff-field--textarea\" data-field-id=\"message\"><label class=\"mff-label\" for=\"mff_field_message\">Mesaj \/ Soru <span class=\"mff-required\" aria-label=\"gerekli\">*<\/span><\/label><textarea id='mff_field_message' name='mff_message' placeholder='' rows='4' required aria-required=\"true\"><\/textarea><div class=\"mff-field-error\" role=\"alert\" aria-live=\"polite\"><\/div><\/div>                                  <div class=\"mff-field mff-field--radio\" data-field-id=\"preferred_contact\"><label class=\"mff-label\" for=\"mff_field_preferred_contact\">Tercih Edilen \u0130leti\u015fim Y\u00f6ntemi <span class=\"mff-required\" aria-label=\"gerekli\">*<\/span><\/label><div class=\"mff-choices\" role=\"radiogroup\" aria-label=\"Tercih Edilen \u0130leti\u015fim Y\u00f6ntemi\"><label class=\"mff-choice\"><input type='radio' id='mff_field_preferred_contact_0' name='mff_preferred_contact' value='Email' required aria-required=\"true\"><span class=\"mff-choice-indicator\"><\/span><span class=\"mff-choice-label\">E-posta<\/span><\/label><label class=\"mff-choice\"><input type='radio' id='mff_field_preferred_contact_1' name='mff_preferred_contact' value='WhatsApp' required aria-required=\"true\"><span class=\"mff-choice-indicator\"><\/span><span class=\"mff-choice-label\">WhatsApp<\/span><\/label><label class=\"mff-choice\"><input type='radio' id='mff_field_preferred_contact_2' name='mff_preferred_contact' value='Phone Call' required aria-required=\"true\"><span class=\"mff-choice-indicator\"><\/span><span class=\"mff-choice-label\">Telefon G\u00f6r\u00fc\u015fmesi<\/span><\/label><label class=\"mff-choice\"><input type='radio' id='mff_field_preferred_contact_3' name='mff_preferred_contact' value='No preference' required aria-required=\"true\"><span class=\"mff-choice-indicator\"><\/span><span class=\"mff-choice-label\">Tercih yok<\/span><\/label><\/div><div class=\"mff-field-error\" role=\"alert\" aria-live=\"polite\"><\/div><\/div>                                  <div class=\"mff-field mff-field--select\" data-field-id=\"contact_time\"><label class=\"mff-label\" for=\"mff_field_contact_time\">\u0130leti\u015fim Kurmak \u0130\u00e7in En Uygun Zaman<\/label><div class='mff-select-wrap'><select id='mff_field_contact_time' name='mff_contact_time' ><option value=''>L\u00fctfen se\u00e7in ...<\/option><option value=\"Morning (8am\u201312pm GST)\">Sabah (8:00-12:00 GST)<\/option><option value=\"Afternoon (12pm\u20135pm GST)\">\u00d6\u011fleden sonra (12pm-5pm GST)<\/option><option value=\"Evening (5pm\u20138pm GST)\">Ak\u015fam (5pm-8pm GST)<\/option><option value=\"Anytime\">Her zaman<\/option><\/select><\/div><div class=\"mff-field-error\" role=\"alert\" aria-live=\"polite\"><\/div><\/div>                                  <div class=\"mff-field mff-field--checkbox\" data-field-id=\"consent\"><p class=\"mff-label\">R\u0131za <span class=\"mff-required\">*<\/span><\/p><div class=\"mff-choices mff-choices--check\"><label class=\"mff-choice mff-choice--check\"><input type='checkbox' id='mff_field_consent_0' name='mff_consent[]' value='I agree to MediFlow&#039;s Privacy Policy and consent to being contacted.' required><span class=\"mff-choice-indicator mff-choice-indicator--check\"><\/span><span class=\"mff-choice-label\">MediFlow'un Gizlilik Politikas\u0131n\u0131 kabul ediyorum ve benimle ileti\u015fime ge\u00e7ilmesine izin veriyorum.<\/span><\/label><\/div><div class=\"mff-field-error\" role=\"alert\" aria-live=\"polite\"><\/div><\/div>                              <\/div>\n\n              <div class=\"mff-step-nav\">\n                                  <button type=\"button\" class=\"mff-btn mff-btn--back\" aria-label=\"\u00d6nceki ad\u0131m\">\n                    <svg viewbox=\"0 0 20 20\" fill=\"currentColor\" width=\"16\"><path d=\"M12.707 5.293a1 1 0 010 1.414L9.414 10l3.293 3.293a1 1 0 01-1.414 1.414l-4-4a1 1 0 010-1.414l4-4a1 1 0 011.414 0z\"\/><\/svg>\n                    Geri                  <\/button>\n                                                  <button type=\"button\" class=\"mff-btn mff-btn--submit\">\n                    Ba\u015fvuru G\u00f6nder                    <svg viewbox=\"0 0 20 20\" fill=\"currentColor\" width=\"16\"><path d=\"M10 18a8 8 0 100-16 8 8 0 000 16zm3.707-9.293a1 1 0 00-1.414-1.414L9 10.586 7.707 9.293a1 1 0 00-1.414 1.414l2 2a1 1 0 001.414 0l4-4z\"\/><\/svg>\n                  <\/button>\n                              <\/div>\n            <\/div>\n            \n            <!-- Success screen -->\n            <div class=\"mff-step mff-success-screen\" style=\"display:none\" role=\"alert\" aria-live=\"assertive\">\n              <div class=\"mff-success-animation\">\n                <svg viewbox=\"0 0 80 80\" fill=\"none\" xmlns=\"http:\/\/www.w3.org\/2000\/svg\">\n                  <circle class=\"mff-success-circle\" cx=\"40\" cy=\"40\" r=\"36\" stroke=\"var(--mff-accent)\" stroke-width=\"3\"\/>\n                  <path class=\"mff-success-check\" d=\"M24 40l12 12 20-24\" stroke=\"var(--mff-accent)\" stroke-width=\"3\" stroke-linecap=\"round\" stroke-linejoin=\"round\"\/>\n                <\/svg>\n              <\/div>\n              <h2 class=\"mff-success-title\">Genel Sorgulama \u2713<\/h2>\n              <p class=\"mff-success-message\">Ba\u015fvurunuz al\u0131nm\u0131\u015ft\u0131r. Bir MediFlow dan\u0131\u015fman\u0131 24 saat i\u00e7inde sizinle ileti\u015fime ge\u00e7ecektir.<\/p>\n                            <a href=\"https:\/\/wa.me\/971500000000?text=Hello+MediFlow%2C+I+just+submitted+my+application.\" class=\"mff-btn mff-btn--whatsapp\" target=\"_blank\" rel=\"noopener\">\n                <svg viewbox=\"0 0 24 24\" fill=\"currentColor\" width=\"18\"><path d=\"M17.472 14.382c-.297-.149-1.758-.867-2.03-.967-.273-.099-.471-.148-.67.15-.197.297-.767.966-.94 1.164-.173.199-.347.223-.644.075-.297-.15-1.255-.463-2.39-1.475-.883-.788-1.48-1.761-1.653-2.059-.173-.297-.018-.458.13-.606.134-.133.298-.347.446-.52.149-.174.198-.298.298-.497.099-.198.05-.371-.025-.52-.075-.149-.669-1.612-.916-2.207-.242-.579-.487-.5-.669-.51-.173-.008-.371-.01-.57-.01-.198 0-.52.074-.792.372-.272.297-1.04 1.016-1.04 2.479 0 1.462 1.065 2.875 1.213 3.074.149.198 2.096 3.2 5.077 4.487.709.306 1.262.489 1.694.625.712.227 1.36.195 1.871.118.571-.085 1.758-.719 2.006-1.413.248-.694.248-1.289.173-1.413-.074-.124-.272-.198-.57-.347z\"\/><path d=\"M12.05 1C5.956 1 1 5.956 1 12.05c0 2.164.575 4.193 1.579 5.942L1 23l5.182-1.56A11 11 0 0012.05 23C18.145 23 23 18.044 23 11.95 23 5.856 18.145 1 12.05 1z\"\/><\/svg>\n                Bize do\u011frudan WhatsApp              <\/a>\n                                        <\/div>\n          <\/div>\n\n          <!-- GDPR note -->\n                    <p class=\"mff-gdpr-note\">Verileriniz, Ki\u015fisel Verilerin Korunmas\u0131na ili\u015fkin 2021 tarihli ve 45 say\u0131l\u0131 BAE Federal Yasas\u0131 uyar\u0131nca i\u015flenmektedir.<\/p>\n          \n          <!-- Loading overlay -->\n          <div class=\"mff-loading-overlay\" style=\"display:none\" aria-hidden=\"true\">\n            <div class=\"mff-spinner\"><\/div>\n            <p>Ba\u015fvurunuzu g\u00f6ndermek ...<\/p>\n          <\/div>\n        <\/div>","protected":false},"excerpt":{"rendered":"","protected":false},"author":1,"featured_media":0,"parent":0,"menu_order":0,"comment_status":"closed","ping_status":"closed","template":"","meta":{"_acf_changed":false,"footnotes":""},"class_list":["post-1083","page","type-page","status-publish","hentry"],"acf":[],"jetpack_sharing_enabled":true,"_links":{"self":[{"href":"https:\/\/mediflow.ae\/tr\/wp-json\/wp\/v2\/pages\/1083","targetHints":{"allow":["GET"]}}],"collection":[{"href":"https:\/\/mediflow.ae\/tr\/wp-json\/wp\/v2\/pages"}],"about":[{"href":"https:\/\/mediflow.ae\/tr\/wp-json\/wp\/v2\/types\/page"}],"author":[{"embeddable":true,"href":"https:\/\/mediflow.ae\/tr\/wp-json\/wp\/v2\/users\/1"}],"replies":[{"embeddable":true,"href":"https:\/\/mediflow.ae\/tr\/wp-json\/wp\/v2\/comments?post=1083"}],"version-history":[{"count":2,"href":"https:\/\/mediflow.ae\/tr\/wp-json\/wp\/v2\/pages\/1083\/revisions"}],"predecessor-version":[{"id":1085,"href":"https:\/\/mediflow.ae\/tr\/wp-json\/wp\/v2\/pages\/1083\/revisions\/1085"}],"wp:attachment":[{"href":"https:\/\/mediflow.ae\/tr\/wp-json\/wp\/v2\/media?parent=1083"}],"curies":[{"name":"wp","href":"https:\/\/api.w.org\/{rel}","templated":true}]}}